{"id":2030,"date":"2021-03-24T12:07:02","date_gmt":"2021-03-24T20:07:02","guid":{"rendered":"https:\/\/tasteoftheworld.ca\/?page_id=2030"},"modified":"2024-04-17T04:41:42","modified_gmt":"2024-04-17T12:41:42","slug":"taste-of-the-world-clases-de-cocina-en-linea","status":"publish","type":"page","link":"https:\/\/tasteoftheworld.ca\/es\/","title":{"rendered":"Taste of the World &#8211; Clases de cocina en l\u00ednea"},"content":{"rendered":"<p><div class=\"fusion-fullwidth fullwidth-box fusion-builder-row-1 nonhundred-percent-fullwidth non-hundred-percent-height-scrolling\" style=\"background-color: rgba(255,255,255,0);background-position: left top;background-repeat: no-repeat;padding-top:0px;padding-right:20px;padding-bottom:0px;padding-left:20px;margin-bottom: 0px;margin-top: 0px;border-width: 0px 0px 0px 0px;border-color:#eae9e9;border-style:solid;\" ><div class=\"fusion-builder-row fusion-row\"><div class=\"fusion-layout-column fusion_builder_column fusion-builder-column-0 fusion_builder_column_1_6 1_6 fusion-one-sixth fusion-column-first\" style=\"width:16.666666666667%;width:calc(16.666666666667% - ( ( 4% + 4% ) * 0.16666666666667 ) );margin-right: 4%;margin-top:20px;margin-bottom:20px;\"><div class=\"fusion-column-wrapper fusion-flex-column-wrapper-legacy\" style=\"background-position:left top;background-repeat:no-repeat;-webkit-background-size:cover;-moz-background-size:cover;-o-background-size:cover;background-size:cover;padding: 0px 0px 0px 0px;\"><div class=\"fusion-clearfix\"><\/div><\/div><\/div><div class=\"fusion-layout-column fusion_builder_column fusion-builder-column-1 fusion_builder_column_2_3 2_3 fusion-two-third\" style=\"width:66.666666666667%;width:calc(66.666666666667% - ( ( 4% + 4% ) * 0.66666666666667 ) );margin-right: 4%;margin-top:20px;margin-bottom:20px;\"><div class=\"fusion-column-wrapper fusion-flex-column-wrapper-legacy\" style=\"background-position:left top;background-repeat:no-repeat;-webkit-background-size:cover;-moz-background-size:cover;-o-background-size:cover;background-size:cover;padding: 0px 0px 0px 0px;\"><div class=\"fusion-text fusion-text-1\"><h3 style=\"text-align: center; color: #c16172;\">Taste of the World ofrece clases<br \/>\nde cocina en l\u00ednea y presenciales.<\/h3>\n<\/div><div class=\"fusion-sep-clear\"><\/div><div class=\"fusion-separator fusion-has-icon\" style=\"margin-left: auto;margin-right: auto;margin-top:30px;width:100%;max-width:30%;\"><div class=\"fusion-separator-border sep-single sep-dashed\" style=\"border-color:#c16172;border-top-width:1px;\"><\/div><span class=\"icon-wrapper\" style=\"border-color:transparent;font-size:16px;width: 1.75em; height: 1.75em;border-width:1px;padding:1px;margin-top:-0.5px\"><i class=\"fa-utensils fas\" style=\"font-size: inherit;color:#c16172;\" aria-hidden=\"true\"><\/i><\/span><div class=\"fusion-separator-border sep-single sep-dashed\" style=\"border-color:#c16172;border-top-width:1px;\"><\/div><\/div><div class=\"fusion-sep-clear\"><\/div><div class=\"fusion-clearfix\"><\/div><\/div><\/div><div class=\"fusion-layout-column fusion_builder_column fusion-builder-column-2 fusion_builder_column_1_6 1_6 fusion-one-sixth fusion-column-last\" style=\"width:16.666666666667%;width:calc(16.666666666667% - ( ( 4% + 4% ) * 0.16666666666667 ) );margin-top:20px;margin-bottom:20px;\"><div class=\"fusion-column-wrapper fusion-flex-column-wrapper-legacy\" style=\"background-position:left top;background-repeat:no-repeat;-webkit-background-size:cover;-moz-background-size:cover;-o-background-size:cover;background-size:cover;padding: 0px 0px 0px 0px;\"><div class=\"fusion-clearfix\"><\/div><\/div><\/div><\/div><\/div><div class=\"fusion-fullwidth fullwidth-box fusion-builder-row-2 nonhundred-percent-fullwidth non-hundred-percent-height-scrolling\" style=\"background-color: rgba(255,255,255,0);background-position: center center;background-repeat: no-repeat;padding-top:0px;padding-right:0px;padding-bottom:0px;padding-left:0px;margin-bottom: 0px;margin-top: 0px;border-width: 0px 0px 0px 0px;border-color:#eae9e9;border-style:solid;\" ><div class=\"fusion-builder-row fusion-row\"><div class=\"fusion-layout-column fusion_builder_column fusion-builder-column-3 fusion_builder_column_1_1 1_1 fusion-one-full fusion-column-first fusion-column-last\" style=\"margin-top:2%;margin-bottom:20px;\"><div class=\"fusion-column-wrapper fusion-flex-column-wrapper-legacy\" style=\"background-position:left top;background-repeat:no-repeat;-webkit-background-size:cover;-moz-background-size:cover;-o-background-size:cover;background-size:cover;padding: 0px 0px 0px 0px;\"><div class=\"fusion-text fusion-text-2\"><p style=\"text-align: center;\">Aprende a preparar platillos tradicionales de diferentes pa\u00edses y sabor\u00e9alos despu\u00e9s.<\/p>\n<\/div><div class=\"fusion-text fusion-text-3\"><p style=\"text-align: center;\">Soy amante de la comida y mi motivaci\u00f3n principal es compartir mis recetas favoritas de alrededor del mundo.<\/p>\n<\/div><div class=\"fusion-clearfix\"><\/div><\/div><\/div><div class=\"fusion-layout-column fusion_builder_column fusion-builder-column-4 fusion_builder_column_1_1 1_1 fusion-one-full fusion-column-first fusion-column-last\" style=\"margin-top:20px;margin-bottom:20px;\"><div class=\"fusion-column-wrapper fusion-flex-column-wrapper-legacy\" style=\"background-position:left top;background-repeat:no-repeat;-webkit-background-size:cover;-moz-background-size:cover;-o-background-size:cover;background-size:cover;padding: 0px 0px 0px 0px;\"><div class=\"aligncenter\"><div class=\"fusion-social-links\"><div class=\"fusion-social-networks boxed-icons\"><div class=\"fusion-social-networks-wrapper\"><a class=\"fusion-social-network-icon fusion-tooltip fusion-instagram fusion-icon-instagram\" style=\"color:#513838;font-size:16px;width: calc(16px + (2 * (12px)) + 2px);background-color:#e9e9e9;border-color:#e9e9e9;border-radius:4px;\" data-placement=\"top\" data-title=\"Instagram\" data-toggle=\"tooltip\" title=\"Instagram\" aria-label=\"instagram\" target=\"_blank\" rel=\"noopener noreferrer\" href=\"https:\/\/www.instagram.com\/ttasteoftheworld\/\"><\/a><\/div><\/div><\/div><\/div><div class=\"fusion-clearfix\"><\/div><\/div><\/div><\/div><\/div><\/p>\n","protected":false},"excerpt":{"rendered":"","protected":false},"author":2,"featured_media":0,"parent":0,"menu_order":0,"comment_status":"closed","ping_status":"closed","template":"100-width.php","meta":{"nf_dc_page":"","footnotes":""},"class_list":["post-2030","page","type-page","status-publish","hentry"],"yoast_head":"<!-- This site is optimized with the Yoast SEO plugin v27.5 - https:\/\/yoast.com\/product\/yoast-seo-wordpress\/ -->\n<title>Taste of the World - Clases de cocina en l\u00ednea -<\/title>\n<meta name=\"robots\" content=\"index, follow, max-snippet:-1, max-image-preview:large, max-video-preview:-1\" \/>\n<link rel=\"canonical\" href=\"https:\/\/tasteoftheworld.ca\/es\/\" \/>\n<meta property=\"og:locale\" content=\"es_ES\" \/>\n<meta property=\"og:type\" content=\"article\" \/>\n<meta property=\"og:title\" content=\"Taste of the World - Clases de cocina en l\u00ednea -\" \/>\n<meta property=\"og:url\" content=\"https:\/\/tasteoftheworld.ca\/es\/\" \/>\n<meta property=\"article:modified_time\" content=\"2024-04-17T12:41:42+00:00\" \/>\n<meta name=\"twitter:card\" content=\"summary_large_image\" \/>\n<meta name=\"twitter:label1\" content=\"Tiempo de lectura\" \/>\n\t<meta name=\"twitter:data1\" content=\"3 minutos\" \/>\n<script type=\"application\/ld+json\" class=\"yoast-schema-graph\">{\"@context\":\"https:\\\/\\\/schema.org\",\"@graph\":[{\"@type\":\"WebPage\",\"@id\":\"https:\\\/\\\/tasteoftheworld.ca\\\/es\\\/\",\"url\":\"https:\\\/\\\/tasteoftheworld.ca\\\/es\\\/\",\"name\":\"Taste of the World - Clases de cocina en l\u00ednea -\",\"isPartOf\":{\"@id\":\"https:\\\/\\\/tasteoftheworld.ca\\\/es\\\/#website\"},\"datePublished\":\"2021-03-24T20:07:02+00:00\",\"dateModified\":\"2024-04-17T12:41:42+00:00\",\"breadcrumb\":{\"@id\":\"https:\\\/\\\/tasteoftheworld.ca\\\/es\\\/#breadcrumb\"},\"inLanguage\":\"es\",\"potentialAction\":[{\"@type\":\"ReadAction\",\"target\":[\"https:\\\/\\\/tasteoftheworld.ca\\\/es\\\/\"]}]},{\"@type\":\"BreadcrumbList\",\"@id\":\"https:\\\/\\\/tasteoftheworld.ca\\\/es\\\/#breadcrumb\",\"itemListElement\":[{\"@type\":\"ListItem\",\"position\":1,\"name\":\"Home\",\"item\":\"https:\\\/\\\/tasteoftheworld.ca\\\/es\\\/\"},{\"@type\":\"ListItem\",\"position\":2,\"name\":\"Taste of the World &#8211; Clases de cocina en l\u00ednea\"}]},{\"@type\":\"WebSite\",\"@id\":\"https:\\\/\\\/tasteoftheworld.ca\\\/es\\\/#website\",\"url\":\"https:\\\/\\\/tasteoftheworld.ca\\\/es\\\/\",\"name\":\"\",\"description\":\"Online cooking experiences for people eager to learn how to cook dishes from different countries.\",\"publisher\":{\"@id\":\"https:\\\/\\\/tasteoftheworld.ca\\\/es\\\/#\\\/schema\\\/person\\\/7a8cc951d9fdf784ae0858558c919978\"},\"potentialAction\":[{\"@type\":\"SearchAction\",\"target\":{\"@type\":\"EntryPoint\",\"urlTemplate\":\"https:\\\/\\\/tasteoftheworld.ca\\\/es\\\/?s={search_term_string}\"},\"query-input\":{\"@type\":\"PropertyValueSpecification\",\"valueRequired\":true,\"valueName\":\"search_term_string\"}}],\"inLanguage\":\"es\"},{\"@type\":[\"Person\",\"Organization\"],\"@id\":\"https:\\\/\\\/tasteoftheworld.ca\\\/es\\\/#\\\/schema\\\/person\\\/7a8cc951d9fdf784ae0858558c919978\",\"name\":\"male.grandizo\",\"image\":{\"@type\":\"ImageObject\",\"inLanguage\":\"es\",\"@id\":\"https:\\\/\\\/secure.gravatar.com\\\/avatar\\\/8b781bd8c6a9f201350ee3986f8722da097ae026c7afdfaa0e84a2fae4846599?s=96&d=mm&r=g\",\"url\":\"https:\\\/\\\/secure.gravatar.com\\\/avatar\\\/8b781bd8c6a9f201350ee3986f8722da097ae026c7afdfaa0e84a2fae4846599?s=96&d=mm&r=g\",\"contentUrl\":\"https:\\\/\\\/secure.gravatar.com\\\/avatar\\\/8b781bd8c6a9f201350ee3986f8722da097ae026c7afdfaa0e84a2fae4846599?s=96&d=mm&r=g\",\"caption\":\"male.grandizo\"},\"logo\":{\"@id\":\"https:\\\/\\\/secure.gravatar.com\\\/avatar\\\/8b781bd8c6a9f201350ee3986f8722da097ae026c7afdfaa0e84a2fae4846599?s=96&d=mm&r=g\"},\"sameAs\":[\"http:\\\/\\\/Taste%20of%20the%20World\"]}]}<\/script>\n<!-- \/ Yoast SEO plugin. -->","yoast_head_json":{"title":"Taste of the World - Clases de cocina en l\u00ednea -","robots":{"index":"index","follow":"follow","max-snippet":"max-snippet:-1","max-image-preview":"max-image-preview:large","max-video-preview":"max-video-preview:-1"},"canonical":"https:\/\/tasteoftheworld.ca\/es\/","og_locale":"es_ES","og_type":"article","og_title":"Taste of the World - Clases de cocina en l\u00ednea -","og_url":"https:\/\/tasteoftheworld.ca\/es\/","article_modified_time":"2024-04-17T12:41:42+00:00","twitter_card":"summary_large_image","twitter_misc":{"Tiempo de lectura":"3 minutos"},"schema":{"@context":"https:\/\/schema.org","@graph":[{"@type":"WebPage","@id":"https:\/\/tasteoftheworld.ca\/es\/","url":"https:\/\/tasteoftheworld.ca\/es\/","name":"Taste of the World - Clases de cocina en l\u00ednea -","isPartOf":{"@id":"https:\/\/tasteoftheworld.ca\/es\/#website"},"datePublished":"2021-03-24T20:07:02+00:00","dateModified":"2024-04-17T12:41:42+00:00","breadcrumb":{"@id":"https:\/\/tasteoftheworld.ca\/es\/#breadcrumb"},"inLanguage":"es","potentialAction":[{"@type":"ReadAction","target":["https:\/\/tasteoftheworld.ca\/es\/"]}]},{"@type":"BreadcrumbList","@id":"https:\/\/tasteoftheworld.ca\/es\/#breadcrumb","itemListElement":[{"@type":"ListItem","position":1,"name":"Home","item":"https:\/\/tasteoftheworld.ca\/es\/"},{"@type":"ListItem","position":2,"name":"Taste of the World &#8211; Clases de cocina en l\u00ednea"}]},{"@type":"WebSite","@id":"https:\/\/tasteoftheworld.ca\/es\/#website","url":"https:\/\/tasteoftheworld.ca\/es\/","name":"","description":"Online cooking experiences for people eager to learn how to cook dishes from different countries.","publisher":{"@id":"https:\/\/tasteoftheworld.ca\/es\/#\/schema\/person\/7a8cc951d9fdf784ae0858558c919978"},"potentialAction":[{"@type":"SearchAction","target":{"@type":"EntryPoint","urlTemplate":"https:\/\/tasteoftheworld.ca\/es\/?s={search_term_string}"},"query-input":{"@type":"PropertyValueSpecification","valueRequired":true,"valueName":"search_term_string"}}],"inLanguage":"es"},{"@type":["Person","Organization"],"@id":"https:\/\/tasteoftheworld.ca\/es\/#\/schema\/person\/7a8cc951d9fdf784ae0858558c919978","name":"male.grandizo","image":{"@type":"ImageObject","inLanguage":"es","@id":"https:\/\/secure.gravatar.com\/avatar\/8b781bd8c6a9f201350ee3986f8722da097ae026c7afdfaa0e84a2fae4846599?s=96&d=mm&r=g","url":"https:\/\/secure.gravatar.com\/avatar\/8b781bd8c6a9f201350ee3986f8722da097ae026c7afdfaa0e84a2fae4846599?s=96&d=mm&r=g","contentUrl":"https:\/\/secure.gravatar.com\/avatar\/8b781bd8c6a9f201350ee3986f8722da097ae026c7afdfaa0e84a2fae4846599?s=96&d=mm&r=g","caption":"male.grandizo"},"logo":{"@id":"https:\/\/secure.gravatar.com\/avatar\/8b781bd8c6a9f201350ee3986f8722da097ae026c7afdfaa0e84a2fae4846599?s=96&d=mm&r=g"},"sameAs":["http:\/\/Taste%20of%20the%20World"]}]}},"jetpack_sharing_enabled":true,"_links":{"self":[{"href":"https:\/\/tasteoftheworld.ca\/es\/wp-json\/wp\/v2\/pages\/2030","targetHints":{"allow":["GET"]}}],"collection":[{"href":"https:\/\/tasteoftheworld.ca\/es\/wp-json\/wp\/v2\/pages"}],"about":[{"href":"https:\/\/tasteoftheworld.ca\/es\/wp-json\/wp\/v2\/types\/page"}],"author":[{"embeddable":true,"href":"https:\/\/tasteoftheworld.ca\/es\/wp-json\/wp\/v2\/users\/2"}],"replies":[{"embeddable":true,"href":"https:\/\/tasteoftheworld.ca\/es\/wp-json\/wp\/v2\/comments?post=2030"}],"version-history":[{"count":6,"href":"https:\/\/tasteoftheworld.ca\/es\/wp-json\/wp\/v2\/pages\/2030\/revisions"}],"predecessor-version":[{"id":3493,"href":"https:\/\/tasteoftheworld.ca\/es\/wp-json\/wp\/v2\/pages\/2030\/revisions\/3493"}],"wp:attachment":[{"href":"https:\/\/tasteoftheworld.ca\/es\/wp-json\/wp\/v2\/media?parent=2030"}],"curies":[{"name":"wp","href":"https:\/\/api.w.org\/{rel}","templated":true}]}}