{"id":2037,"date":"2019-11-24T15:14:42","date_gmt":"2019-11-24T15:14:42","guid":{"rendered":"https:\/\/tasteoftheworld.ca\/private-events\/"},"modified":"2024-04-11T05:47:26","modified_gmt":"2024-04-11T13:47:26","slug":"eventos-privados-old","status":"publish","type":"page","link":"https:\/\/tasteoftheworld.ca\/es\/eventos-privados-old\/","title":{"rendered":"EVENTOS PRIVADOS_old"},"content":{"rendered":"<div class=\"fusion-fullwidth fullwidth-box fusion-builder-row-1 nonhundred-percent-fullwidth non-hundred-percent-height-scrolling fusion-equal-height-columns\" style=\"background-color: rgba(255,255,255,0);background-position: center center;background-repeat: no-repeat;padding-top:0px;padding-right:0px;padding-bottom:0px;padding-left:0px;margin-bottom: 0px;margin-top: 0px;border-width: 0px 0px 0px 0px;border-color:#eae9e9;border-style:solid;\" ><div class=\"fusion-builder-row fusion-row\"><div class=\"fusion-layout-column fusion_builder_column fusion-builder-column-0 fusion_builder_column_2_3 2_3 fusion-two-third fusion-column-first\" style=\"width:66.666666666667%;width:calc(66.666666666667% - ( ( 4% ) * 0.66666666666667 ) );margin-right: 4%;margin-top:20px;margin-bottom:30px;\"><div class=\"fusion-column-wrapper fusion-flex-column-wrapper-legacy\" style=\"background-position:left top;background-repeat:no-repeat;-webkit-background-size:cover;-moz-background-size:cover;-o-background-size:cover;background-size:cover;padding: 0px 0px 0px 0px;\"><div class=\"fusion-text fusion-text-1\"><div class=\"page\" title=\"Page 3\">\n<div class=\"section\">\n<div class=\"layoutArea\">\n<div class=\"column\">\n<p>Las clases de cocina tambi\u00e9n est\u00e1n disponibles para grupos privados.<\/p>\n<p>Organiza una fiesta en l\u00ednea con amigos, familia o compa\u00f1eros de trabajo. Los motivos pueden ser varios, consentir a tu equipo de trabajo, reunirte con tus amigos para pasar un rato agradable o celebrar alguna ocasi\u00f3n especial en familia.<\/p>\n<p>Pueden decidir cocinar reunidos en un lugar en particular o cada quien cocinar desde la comodidad de su casa y recibir las instrucciones y la demostraci\u00f3n desde mi cocina.<\/p>\n<p>Utiliza los recuadros para hacerme saber qu\u00e9 men\u00fa te atrae m\u00e1s de la secci\u00f3n de CALENDARIO o preg\u00fantame por otras opciones. Por favor agrega la fecha y la hora en la que est\u00e1s planeando tener el evento.<\/p>\n<\/div>\n<\/div>\n<\/div>\n<\/div>\n<\/div><div class=\"fusion-image-carousel fusion-image-carousel-auto fusion-carousel-border\"><div class=\"fusion-carousel\" data-autoplay=\"yes\" data-columns=\"1\" data-itemmargin=\"13\" data-itemwidth=\"180\" data-touchscroll=\"no\" data-imagesize=\"auto\"><div class=\"fusion-carousel-positioner\"><ul class=\"fusion-carousel-holder\"><li class=\"fusion-carousel-item\"><div class=\"fusion-carousel-item-wrapper\"><div class=\"fusion-image-wrapper hover-type-none\"><img decoding=\"async\" width=\"1170\" height=\"400\" data-src=\"https:\/\/i0.wp.com\/tasteoftheworld.ca\/wp-content\/uploads\/2021\/07\/private-new2.jpg?fit=1170%2C400&amp;ssl=1\" class=\"attachment-full size-full lazyload\" alt=\"private cooking class with family &amp; friends\" data-srcset=\"https:\/\/i0.wp.com\/tasteoftheworld.ca\/wp-content\/uploads\/2021\/07\/private-new2.jpg?resize=200%2C68&amp;ssl=1 200w, https:\/\/i0.wp.com\/tasteoftheworld.ca\/wp-content\/uploads\/2021\/07\/private-new2.jpg?resize=300%2C103&amp;ssl=1 300w, https:\/\/i0.wp.com\/tasteoftheworld.ca\/wp-content\/uploads\/2021\/07\/private-new2.jpg?resize=400%2C137&amp;ssl=1 400w, https:\/\/i0.wp.com\/tasteoftheworld.ca\/wp-content\/uploads\/2021\/07\/private-new2.jpg?resize=600%2C205&amp;ssl=1 600w, https:\/\/i0.wp.com\/tasteoftheworld.ca\/wp-content\/uploads\/2021\/07\/private-new2.jpg?resize=768%2C263&amp;ssl=1 768w, https:\/\/i0.wp.com\/tasteoftheworld.ca\/wp-content\/uploads\/2021\/07\/private-new2.jpg?resize=800%2C274&amp;ssl=1 800w, https:\/\/i0.wp.com\/tasteoftheworld.ca\/wp-content\/uploads\/2021\/07\/private-new2.jpg?resize=1024%2C350&amp;ssl=1 1024w, https:\/\/i0.wp.com\/tasteoftheworld.ca\/wp-content\/uploads\/2021\/07\/private-new2.jpg?fit=1170%2C400&amp;ssl=1 1170w\" data-sizes=\"(max-width: 1170px) 100vw, 1170px\" src=\"data:image\/svg+xml;base64,PHN2ZyB3aWR0aD0iMSIgaGVpZ2h0PSIxIiB4bWxucz0iaHR0cDovL3d3dy53My5vcmcvMjAwMC9zdmciPjwvc3ZnPg==\" style=\"--smush-placeholder-width: 1170px; --smush-placeholder-aspect-ratio: 1170\/400;\" \/><\/div><\/div><\/li><li class=\"fusion-carousel-item\"><div class=\"fusion-carousel-item-wrapper\"><div class=\"fusion-image-wrapper hover-type-none\"><img decoding=\"async\" width=\"1170\" height=\"400\" data-src=\"https:\/\/i0.wp.com\/tasteoftheworld.ca\/wp-content\/uploads\/2020\/10\/private-2.jpg?fit=1170%2C400&amp;ssl=1\" class=\"attachment-full size-full lazyload\" alt=\"private cooking workshop\" data-srcset=\"https:\/\/i0.wp.com\/tasteoftheworld.ca\/wp-content\/uploads\/2020\/10\/private-2.jpg?resize=200%2C68&amp;ssl=1 200w, https:\/\/i0.wp.com\/tasteoftheworld.ca\/wp-content\/uploads\/2020\/10\/private-2.jpg?resize=300%2C103&amp;ssl=1 300w, https:\/\/i0.wp.com\/tasteoftheworld.ca\/wp-content\/uploads\/2020\/10\/private-2.jpg?resize=400%2C137&amp;ssl=1 400w, https:\/\/i0.wp.com\/tasteoftheworld.ca\/wp-content\/uploads\/2020\/10\/private-2.jpg?resize=600%2C205&amp;ssl=1 600w, https:\/\/i0.wp.com\/tasteoftheworld.ca\/wp-content\/uploads\/2020\/10\/private-2.jpg?resize=768%2C263&amp;ssl=1 768w, https:\/\/i0.wp.com\/tasteoftheworld.ca\/wp-content\/uploads\/2020\/10\/private-2.jpg?resize=800%2C274&amp;ssl=1 800w, https:\/\/i0.wp.com\/tasteoftheworld.ca\/wp-content\/uploads\/2020\/10\/private-2.jpg?resize=1024%2C350&amp;ssl=1 1024w, https:\/\/i0.wp.com\/tasteoftheworld.ca\/wp-content\/uploads\/2020\/10\/private-2.jpg?fit=1170%2C400&amp;ssl=1 1170w\" data-sizes=\"(max-width: 1170px) 100vw, 1170px\" src=\"data:image\/svg+xml;base64,PHN2ZyB3aWR0aD0iMSIgaGVpZ2h0PSIxIiB4bWxucz0iaHR0cDovL3d3dy53My5vcmcvMjAwMC9zdmciPjwvc3ZnPg==\" style=\"--smush-placeholder-width: 1170px; --smush-placeholder-aspect-ratio: 1170\/400;\" \/><\/div><\/div><\/li><li class=\"fusion-carousel-item\"><div class=\"fusion-carousel-item-wrapper\"><div class=\"fusion-image-wrapper hover-type-none\"><img decoding=\"async\" width=\"1170\" height=\"400\" data-src=\"https:\/\/i0.wp.com\/tasteoftheworld.ca\/wp-content\/uploads\/2020\/10\/private-4.jpg?fit=1170%2C400&amp;ssl=1\" class=\"attachment-full size-full lazyload\" alt=\"private cooking lesson \" data-srcset=\"https:\/\/i0.wp.com\/tasteoftheworld.ca\/wp-content\/uploads\/2020\/10\/private-4.jpg?resize=200%2C68&amp;ssl=1 200w, https:\/\/i0.wp.com\/tasteoftheworld.ca\/wp-content\/uploads\/2020\/10\/private-4.jpg?resize=300%2C103&amp;ssl=1 300w, https:\/\/i0.wp.com\/tasteoftheworld.ca\/wp-content\/uploads\/2020\/10\/private-4.jpg?resize=400%2C137&amp;ssl=1 400w, https:\/\/i0.wp.com\/tasteoftheworld.ca\/wp-content\/uploads\/2020\/10\/private-4.jpg?resize=600%2C205&amp;ssl=1 600w, https:\/\/i0.wp.com\/tasteoftheworld.ca\/wp-content\/uploads\/2020\/10\/private-4.jpg?resize=768%2C263&amp;ssl=1 768w, https:\/\/i0.wp.com\/tasteoftheworld.ca\/wp-content\/uploads\/2020\/10\/private-4.jpg?resize=800%2C274&amp;ssl=1 800w, https:\/\/i0.wp.com\/tasteoftheworld.ca\/wp-content\/uploads\/2020\/10\/private-4.jpg?resize=1024%2C350&amp;ssl=1 1024w, https:\/\/i0.wp.com\/tasteoftheworld.ca\/wp-content\/uploads\/2020\/10\/private-4.jpg?fit=1170%2C400&amp;ssl=1 1170w\" data-sizes=\"(max-width: 1170px) 100vw, 1170px\" src=\"data:image\/svg+xml;base64,PHN2ZyB3aWR0aD0iMSIgaGVpZ2h0PSIxIiB4bWxucz0iaHR0cDovL3d3dy53My5vcmcvMjAwMC9zdmciPjwvc3ZnPg==\" style=\"--smush-placeholder-width: 1170px; --smush-placeholder-aspect-ratio: 1170\/400;\" \/><\/div><\/div><\/li><li class=\"fusion-carousel-item\"><div class=\"fusion-carousel-item-wrapper\"><div class=\"fusion-image-wrapper hover-type-none\"><img decoding=\"async\" width=\"1170\" height=\"400\" data-src=\"https:\/\/i0.wp.com\/tasteoftheworld.ca\/wp-content\/uploads\/2020\/10\/private-3.jpg?fit=1170%2C400&amp;ssl=1\" class=\"attachment-full size-full lazyload\" alt=\"private cooking lesson with friends &amp; staff\" data-srcset=\"https:\/\/i0.wp.com\/tasteoftheworld.ca\/wp-content\/uploads\/2020\/10\/private-3.jpg?resize=200%2C68&amp;ssl=1 200w, https:\/\/i0.wp.com\/tasteoftheworld.ca\/wp-content\/uploads\/2020\/10\/private-3.jpg?resize=300%2C103&amp;ssl=1 300w, https:\/\/i0.wp.com\/tasteoftheworld.ca\/wp-content\/uploads\/2020\/10\/private-3.jpg?resize=400%2C137&amp;ssl=1 400w, https:\/\/i0.wp.com\/tasteoftheworld.ca\/wp-content\/uploads\/2020\/10\/private-3.jpg?resize=600%2C205&amp;ssl=1 600w, https:\/\/i0.wp.com\/tasteoftheworld.ca\/wp-content\/uploads\/2020\/10\/private-3.jpg?resize=768%2C263&amp;ssl=1 768w, https:\/\/i0.wp.com\/tasteoftheworld.ca\/wp-content\/uploads\/2020\/10\/private-3.jpg?resize=800%2C274&amp;ssl=1 800w, https:\/\/i0.wp.com\/tasteoftheworld.ca\/wp-content\/uploads\/2020\/10\/private-3.jpg?resize=1024%2C350&amp;ssl=1 1024w, https:\/\/i0.wp.com\/tasteoftheworld.ca\/wp-content\/uploads\/2020\/10\/private-3.jpg?fit=1170%2C400&amp;ssl=1 1170w\" data-sizes=\"(max-width: 1170px) 100vw, 1170px\" src=\"data:image\/svg+xml;base64,PHN2ZyB3aWR0aD0iMSIgaGVpZ2h0PSIxIiB4bWxucz0iaHR0cDovL3d3dy53My5vcmcvMjAwMC9zdmciPjwvc3ZnPg==\" style=\"--smush-placeholder-width: 1170px; --smush-placeholder-aspect-ratio: 1170\/400;\" \/><\/div><\/div><\/li><li class=\"fusion-carousel-item\"><div class=\"fusion-carousel-item-wrapper\"><div class=\"fusion-image-wrapper hover-type-none\"><img decoding=\"async\" width=\"1170\" height=\"400\" data-src=\"https:\/\/i0.wp.com\/tasteoftheworld.ca\/wp-content\/uploads\/2021\/07\/private-new1.jpg?fit=1170%2C400&amp;ssl=1\" class=\"attachment-full size-full lazyload\" alt=\"\" data-srcset=\"https:\/\/i0.wp.com\/tasteoftheworld.ca\/wp-content\/uploads\/2021\/07\/private-new1.jpg?resize=200%2C68&amp;ssl=1 200w, https:\/\/i0.wp.com\/tasteoftheworld.ca\/wp-content\/uploads\/2021\/07\/private-new1.jpg?resize=300%2C103&amp;ssl=1 300w, https:\/\/i0.wp.com\/tasteoftheworld.ca\/wp-content\/uploads\/2021\/07\/private-new1.jpg?resize=400%2C137&amp;ssl=1 400w, https:\/\/i0.wp.com\/tasteoftheworld.ca\/wp-content\/uploads\/2021\/07\/private-new1.jpg?resize=600%2C205&amp;ssl=1 600w, https:\/\/i0.wp.com\/tasteoftheworld.ca\/wp-content\/uploads\/2021\/07\/private-new1.jpg?resize=768%2C263&amp;ssl=1 768w, https:\/\/i0.wp.com\/tasteoftheworld.ca\/wp-content\/uploads\/2021\/07\/private-new1.jpg?resize=800%2C274&amp;ssl=1 800w, https:\/\/i0.wp.com\/tasteoftheworld.ca\/wp-content\/uploads\/2021\/07\/private-new1.jpg?resize=1024%2C350&amp;ssl=1 1024w, https:\/\/i0.wp.com\/tasteoftheworld.ca\/wp-content\/uploads\/2021\/07\/private-new1.jpg?fit=1170%2C400&amp;ssl=1 1170w\" data-sizes=\"(max-width: 1170px) 100vw, 1170px\" src=\"data:image\/svg+xml;base64,PHN2ZyB3aWR0aD0iMSIgaGVpZ2h0PSIxIiB4bWxucz0iaHR0cDovL3d3dy53My5vcmcvMjAwMC9zdmciPjwvc3ZnPg==\" style=\"--smush-placeholder-width: 1170px; --smush-placeholder-aspect-ratio: 1170\/400;\" \/><\/div><\/div><\/li><\/ul><\/div><\/div><\/div><div class=\"fusion-clearfix\"><\/div><\/div><\/div><div class=\"fusion-layout-column fusion_builder_column fusion-builder-column-1 fusion_builder_column_1_3 1_3 fusion-one-third fusion-column-last\" style=\"width:33.333333333333%;width:calc(33.333333333333% - ( ( 4% ) * 0.33333333333333 ) );margin-top:20px;margin-bottom:30px;\"><div class=\"fusion-column-wrapper fusion-flex-column-wrapper-legacy\" style=\"background-position:left top;background-repeat:no-repeat;-webkit-background-size:cover;-moz-background-size:cover;-o-background-size:cover;background-size:cover;padding: 0px 0px 0px 0px;\"><div class=\"fusion-sep-clear\"><\/div><div class=\"fusion-separator fusion-has-icon fusion-full-width-sep\" style=\"margin-left: auto;margin-right: auto;margin-bottom:30px;width:100%;\"><div class=\"fusion-separator-border sep-single sep-dashed\" style=\"border-color:#c06072;border-top-width:1px;\"><\/div><span class=\"icon-wrapper\" style=\"border-color:transparent;font-size:16px;width: 1.75em; height: 1.75em;border-width:1px;padding:1px;margin-top:-0.5px\"><i class=\"fa-utensils fas\" style=\"font-size: inherit;color:#c06072;\" aria-hidden=\"true\"><\/i><\/span><div class=\"fusion-separator-border sep-single sep-dashed\" style=\"border-color:#c06072;border-top-width:1px;\"><\/div><\/div><div class=\"fusion-sep-clear\"><\/div>\n<div class=\"wpcf7 no-js\" id=\"wpcf7-f2040-o1\" lang=\"es-ES\" dir=\"ltr\" data-wpcf7-id=\"2040\">\n<div class=\"screen-reader-response\"><p role=\"status\" aria-live=\"polite\" aria-atomic=\"true\"><\/p> <ul><\/ul><\/div>\n<form action=\"\/es\/wp-json\/wp\/v2\/pages\/2037#wpcf7-f2040-o1\" method=\"post\" class=\"wpcf7-form init\" aria-label=\"Formulario de contacto\" novalidate=\"novalidate\" data-status=\"init\">\n<fieldset class=\"hidden-fields-container\"><input type=\"hidden\" name=\"_wpcf7\" value=\"2040\" \/><input type=\"hidden\" name=\"_wpcf7_version\" value=\"6.1.5\" \/><input type=\"hidden\" name=\"_wpcf7_locale\" value=\"es_ES\" \/><input type=\"hidden\" name=\"_wpcf7_unit_tag\" value=\"wpcf7-f2040-o1\" \/><input type=\"hidden\" name=\"_wpcf7_container_post\" value=\"0\" \/><input type=\"hidden\" name=\"_wpcf7_posted_data_hash\" value=\"\" \/>\n<\/fieldset>\n<p><label> Nombre*<br \/>\n<span class=\"wpcf7-form-control-wrap\" data-name=\"your-name\"><input size=\"40\" maxlength=\"400\" class=\"wpcf7-form-control wpcf7-text wpcf7-validates-as-required\" aria-required=\"true\" aria-invalid=\"false\" value=\"\" type=\"text\" name=\"your-name\" \/><\/span> <\/label>\n<\/p>\n<p><label> Email*<br \/>\n<span class=\"wpcf7-form-control-wrap\" data-name=\"your-email\"><input size=\"40\" maxlength=\"400\" class=\"wpcf7-form-control wpcf7-email wpcf7-validates-as-required wpcf7-text wpcf7-validates-as-email\" aria-required=\"true\" aria-invalid=\"false\" value=\"\" type=\"email\" name=\"your-email\" \/><\/span> <\/label>\n<\/p>\n<p><label> Tel\u00e9fono*<br \/>\n<span class=\"wpcf7-form-control-wrap\" data-name=\"your-phone\"><input size=\"40\" maxlength=\"400\" class=\"wpcf7-form-control wpcf7-text\" aria-invalid=\"false\" value=\"\" type=\"text\" name=\"your-phone\" \/><\/span> <\/label>\n<\/p>\n<p><label> Mensaje<br \/>\n<span class=\"wpcf7-form-control-wrap\" data-name=\"your-message\"><textarea cols=\"40\" rows=\"10\" maxlength=\"2000\" class=\"wpcf7-form-control wpcf7-textarea\" aria-invalid=\"false\" name=\"your-message\"><\/textarea><\/span> <\/label>\n<\/p>\n<p><input class=\"wpcf7-form-control wpcf7-submit has-spinner\" type=\"submit\" value=\"Enviar\" \/>\n<\/p><div class=\"fusion-alert alert custom alert-custom fusion-alert-center wpcf7-response-output fusion-alert-capitalize alert-dismissable alert-shadow\" style=\"border-width:1px;\"><button type=\"button\" class=\"close toggle-alert\" data-dismiss=\"alert\" aria-hidden=\"true\">&times;<\/button><div class=\"fusion-alert-content-wrapper\"><span class=\"fusion-alert-content\"><\/span><\/div><\/div>\n<\/form>\n<\/div>\n<div class=\"fusion-clearfix\"><\/div><\/div><\/div><\/div><\/div>\n","protected":false},"excerpt":{"rendered":"","protected":false},"author":2,"featured_media":0,"parent":0,"menu_order":0,"comment_status":"closed","ping_status":"closed","template":"","meta":{"nf_dc_page":"","footnotes":""},"class_list":["post-2037","page","type-page","status-publish","hentry"],"yoast_head":"<!-- This site is optimized with the Yoast SEO plugin v27.5 - https:\/\/yoast.com\/product\/yoast-seo-wordpress\/ -->\n<title>EVENTOS PRIVADOS_old -<\/title>\n<meta name=\"description\" content=\"Private events, cooking classes offered to private groups. You are welcome to organize your own online party with friends, family or staff.\" \/>\n<meta name=\"robots\" content=\"index, follow, max-snippet:-1, max-image-preview:large, max-video-preview:-1\" \/>\n<link rel=\"canonical\" href=\"https:\/\/tasteoftheworld.ca\/es\/eventos-privados-old\/\" \/>\n<meta property=\"og:locale\" content=\"es_ES\" \/>\n<meta property=\"og:type\" content=\"article\" \/>\n<meta property=\"og:title\" content=\"EVENTOS PRIVADOS_old -\" \/>\n<meta property=\"og:description\" content=\"Private events, cooking classes offered to private groups. You are welcome to organize your own online party with friends, family or staff.\" \/>\n<meta property=\"og:url\" content=\"https:\/\/tasteoftheworld.ca\/es\/eventos-privados-old\/\" \/>\n<meta property=\"article:modified_time\" content=\"2024-04-11T13:47:26+00:00\" \/>\n<meta name=\"twitter:card\" content=\"summary_large_image\" \/>\n<meta name=\"twitter:label1\" content=\"Tiempo de lectura\" \/>\n\t<meta name=\"twitter:data1\" content=\"5 minutos\" \/>\n<script type=\"application\/ld+json\" class=\"yoast-schema-graph\">{\"@context\":\"https:\\\/\\\/schema.org\",\"@graph\":[{\"@type\":\"WebPage\",\"@id\":\"https:\\\/\\\/tasteoftheworld.ca\\\/es\\\/eventos-privados-old\\\/\",\"url\":\"https:\\\/\\\/tasteoftheworld.ca\\\/es\\\/eventos-privados-old\\\/\",\"name\":\"EVENTOS PRIVADOS_old -\",\"isPartOf\":{\"@id\":\"https:\\\/\\\/tasteoftheworld.ca\\\/es\\\/#website\"},\"datePublished\":\"2019-11-24T15:14:42+00:00\",\"dateModified\":\"2024-04-11T13:47:26+00:00\",\"description\":\"Private events, cooking classes offered to private groups. You are welcome to organize your own online party with friends, family or staff.\",\"breadcrumb\":{\"@id\":\"https:\\\/\\\/tasteoftheworld.ca\\\/es\\\/eventos-privados-old\\\/#breadcrumb\"},\"inLanguage\":\"es\",\"potentialAction\":[{\"@type\":\"ReadAction\",\"target\":[\"https:\\\/\\\/tasteoftheworld.ca\\\/es\\\/eventos-privados-old\\\/\"]}]},{\"@type\":\"BreadcrumbList\",\"@id\":\"https:\\\/\\\/tasteoftheworld.ca\\\/es\\\/eventos-privados-old\\\/#breadcrumb\",\"itemListElement\":[{\"@type\":\"ListItem\",\"position\":1,\"name\":\"Home\",\"item\":\"https:\\\/\\\/tasteoftheworld.ca\\\/es\\\/\"},{\"@type\":\"ListItem\",\"position\":2,\"name\":\"EVENTOS PRIVADOS_old\"}]},{\"@type\":\"WebSite\",\"@id\":\"https:\\\/\\\/tasteoftheworld.ca\\\/es\\\/#website\",\"url\":\"https:\\\/\\\/tasteoftheworld.ca\\\/es\\\/\",\"name\":\"\",\"description\":\"Online cooking experiences for people eager to learn how to cook dishes from different countries.\",\"publisher\":{\"@id\":\"https:\\\/\\\/tasteoftheworld.ca\\\/es\\\/#\\\/schema\\\/person\\\/7a8cc951d9fdf784ae0858558c919978\"},\"potentialAction\":[{\"@type\":\"SearchAction\",\"target\":{\"@type\":\"EntryPoint\",\"urlTemplate\":\"https:\\\/\\\/tasteoftheworld.ca\\\/es\\\/?s={search_term_string}\"},\"query-input\":{\"@type\":\"PropertyValueSpecification\",\"valueRequired\":true,\"valueName\":\"search_term_string\"}}],\"inLanguage\":\"es\"},{\"@type\":[\"Person\",\"Organization\"],\"@id\":\"https:\\\/\\\/tasteoftheworld.ca\\\/es\\\/#\\\/schema\\\/person\\\/7a8cc951d9fdf784ae0858558c919978\",\"name\":\"male.grandizo\",\"image\":{\"@type\":\"ImageObject\",\"inLanguage\":\"es\",\"@id\":\"https:\\\/\\\/secure.gravatar.com\\\/avatar\\\/8b781bd8c6a9f201350ee3986f8722da097ae026c7afdfaa0e84a2fae4846599?s=96&d=mm&r=g\",\"url\":\"https:\\\/\\\/secure.gravatar.com\\\/avatar\\\/8b781bd8c6a9f201350ee3986f8722da097ae026c7afdfaa0e84a2fae4846599?s=96&d=mm&r=g\",\"contentUrl\":\"https:\\\/\\\/secure.gravatar.com\\\/avatar\\\/8b781bd8c6a9f201350ee3986f8722da097ae026c7afdfaa0e84a2fae4846599?s=96&d=mm&r=g\",\"caption\":\"male.grandizo\"},\"logo\":{\"@id\":\"https:\\\/\\\/secure.gravatar.com\\\/avatar\\\/8b781bd8c6a9f201350ee3986f8722da097ae026c7afdfaa0e84a2fae4846599?s=96&d=mm&r=g\"},\"sameAs\":[\"http:\\\/\\\/Taste%20of%20the%20World\"]}]}<\/script>\n<!-- \/ Yoast SEO plugin. -->","yoast_head_json":{"title":"EVENTOS PRIVADOS_old -","description":"Private events, cooking classes offered to private groups. You are welcome to organize your own online party with friends, family or staff.","robots":{"index":"index","follow":"follow","max-snippet":"max-snippet:-1","max-image-preview":"max-image-preview:large","max-video-preview":"max-video-preview:-1"},"canonical":"https:\/\/tasteoftheworld.ca\/es\/eventos-privados-old\/","og_locale":"es_ES","og_type":"article","og_title":"EVENTOS PRIVADOS_old -","og_description":"Private events, cooking classes offered to private groups. You are welcome to organize your own online party with friends, family or staff.","og_url":"https:\/\/tasteoftheworld.ca\/es\/eventos-privados-old\/","article_modified_time":"2024-04-11T13:47:26+00:00","twitter_card":"summary_large_image","twitter_misc":{"Tiempo de lectura":"5 minutos"},"schema":{"@context":"https:\/\/schema.org","@graph":[{"@type":"WebPage","@id":"https:\/\/tasteoftheworld.ca\/es\/eventos-privados-old\/","url":"https:\/\/tasteoftheworld.ca\/es\/eventos-privados-old\/","name":"EVENTOS PRIVADOS_old -","isPartOf":{"@id":"https:\/\/tasteoftheworld.ca\/es\/#website"},"datePublished":"2019-11-24T15:14:42+00:00","dateModified":"2024-04-11T13:47:26+00:00","description":"Private events, cooking classes offered to private groups. You are welcome to organize your own online party with friends, family or staff.","breadcrumb":{"@id":"https:\/\/tasteoftheworld.ca\/es\/eventos-privados-old\/#breadcrumb"},"inLanguage":"es","potentialAction":[{"@type":"ReadAction","target":["https:\/\/tasteoftheworld.ca\/es\/eventos-privados-old\/"]}]},{"@type":"BreadcrumbList","@id":"https:\/\/tasteoftheworld.ca\/es\/eventos-privados-old\/#breadcrumb","itemListElement":[{"@type":"ListItem","position":1,"name":"Home","item":"https:\/\/tasteoftheworld.ca\/es\/"},{"@type":"ListItem","position":2,"name":"EVENTOS PRIVADOS_old"}]},{"@type":"WebSite","@id":"https:\/\/tasteoftheworld.ca\/es\/#website","url":"https:\/\/tasteoftheworld.ca\/es\/","name":"","description":"Online cooking experiences for people eager to learn how to cook dishes from different countries.","publisher":{"@id":"https:\/\/tasteoftheworld.ca\/es\/#\/schema\/person\/7a8cc951d9fdf784ae0858558c919978"},"potentialAction":[{"@type":"SearchAction","target":{"@type":"EntryPoint","urlTemplate":"https:\/\/tasteoftheworld.ca\/es\/?s={search_term_string}"},"query-input":{"@type":"PropertyValueSpecification","valueRequired":true,"valueName":"search_term_string"}}],"inLanguage":"es"},{"@type":["Person","Organization"],"@id":"https:\/\/tasteoftheworld.ca\/es\/#\/schema\/person\/7a8cc951d9fdf784ae0858558c919978","name":"male.grandizo","image":{"@type":"ImageObject","inLanguage":"es","@id":"https:\/\/secure.gravatar.com\/avatar\/8b781bd8c6a9f201350ee3986f8722da097ae026c7afdfaa0e84a2fae4846599?s=96&d=mm&r=g","url":"https:\/\/secure.gravatar.com\/avatar\/8b781bd8c6a9f201350ee3986f8722da097ae026c7afdfaa0e84a2fae4846599?s=96&d=mm&r=g","contentUrl":"https:\/\/secure.gravatar.com\/avatar\/8b781bd8c6a9f201350ee3986f8722da097ae026c7afdfaa0e84a2fae4846599?s=96&d=mm&r=g","caption":"male.grandizo"},"logo":{"@id":"https:\/\/secure.gravatar.com\/avatar\/8b781bd8c6a9f201350ee3986f8722da097ae026c7afdfaa0e84a2fae4846599?s=96&d=mm&r=g"},"sameAs":["http:\/\/Taste%20of%20the%20World"]}]}},"jetpack_sharing_enabled":true,"_links":{"self":[{"href":"https:\/\/tasteoftheworld.ca\/es\/wp-json\/wp\/v2\/pages\/2037","targetHints":{"allow":["GET"]}}],"collection":[{"href":"https:\/\/tasteoftheworld.ca\/es\/wp-json\/wp\/v2\/pages"}],"about":[{"href":"https:\/\/tasteoftheworld.ca\/es\/wp-json\/wp\/v2\/types\/page"}],"author":[{"embeddable":true,"href":"https:\/\/tasteoftheworld.ca\/es\/wp-json\/wp\/v2\/users\/2"}],"replies":[{"embeddable":true,"href":"https:\/\/tasteoftheworld.ca\/es\/wp-json\/wp\/v2\/comments?post=2037"}],"version-history":[{"count":5,"href":"https:\/\/tasteoftheworld.ca\/es\/wp-json\/wp\/v2\/pages\/2037\/revisions"}],"predecessor-version":[{"id":3392,"href":"https:\/\/tasteoftheworld.ca\/es\/wp-json\/wp\/v2\/pages\/2037\/revisions\/3392"}],"wp:attachment":[{"href":"https:\/\/tasteoftheworld.ca\/es\/wp-json\/wp\/v2\/media?parent=2037"}],"curies":[{"name":"wp","href":"https:\/\/api.w.org\/{rel}","templated":true}]}}