{"id":2153,"date":"2021-05-04T02:35:22","date_gmt":"2021-05-04T10:35:22","guid":{"rendered":"https:\/\/tasteoftheworld.ca\/reviews\/"},"modified":"2024-04-11T05:56:09","modified_gmt":"2024-04-11T13:56:09","slug":"comentarios","status":"publish","type":"page","link":"https:\/\/tasteoftheworld.ca\/es\/comentarios\/","title":{"rendered":"COMENTARIOS"},"content":{"rendered":"<div class=\"fusion-fullwidth fullwidth-box fusion-builder-row-1 nonhundred-percent-fullwidth non-hundred-percent-height-scrolling\" style=\"background-color: rgba(255,255,255,0);background-position: center center;background-repeat: no-repeat;padding-top:0px;padding-right:0px;padding-bottom:0px;padding-left:0px;margin-bottom: 0px;margin-top: 5%;border-width: 0px 0px 0px 0px;border-color:#eae9e9;border-style:solid;\" ><div class=\"fusion-builder-row fusion-row\"><div class=\"fusion-layout-column fusion_builder_column fusion-builder-column-0 fusion_builder_column_1_1 1_1 fusion-one-full fusion-column-first fusion-column-last\" style=\"margin-top:0px;margin-bottom:0px;\"><div class=\"fusion-column-wrapper fusion-flex-column-wrapper-legacy\" style=\"background-position:left top;background-repeat:no-repeat;-webkit-background-size:cover;-moz-background-size:cover;-o-background-size:cover;background-size:cover;padding: 0px 0px 0px 0px;\"><div class=\"fusion-builder-row fusion-builder-row-inner fusion-row\"><div class=\"fusion-layout-column fusion_builder_column_inner fusion-builder-nested-column-0 fusion_builder_column_inner_1_1 1_1 fusion-one-full fusion-column-first fusion-column-last\" style=\"margin-top:20px;margin-bottom:20px;\"><div class=\"fusion-column-wrapper fusion-flex-column-wrapper-legacy\" style=\"background-position:left top;background-repeat:no-repeat;-webkit-background-size:cover;-moz-background-size:cover;-o-background-size:cover;background-size:cover;padding: 0px 20px 0px 20px;\"><div class=\"fusion-text fusion-text-1\"><p style=\"text-align: center;\">Gracias Maleh por transportarnos con tus recetas y platillos a diferentes rincones de M\u00e9xico y a las cocinas de nuestras abuelas y del mundo.<br \/>\nTus clases son din\u00e1micas y el tiempo se esfuma entre la preparaci\u00f3n, la historia de los ingredientes o platillos y el aprendizaje de an\u00e9cdotas o costumbres locales. Tu organizaci\u00f3n, tiempos y atenci\u00f3n a los peque\u00f1os detalles extras hacen cada sesi\u00f3n memorable. Tanto as\u00ed que invit\u00e9 a mis amigos para disfrutar juntos una experiencia aut\u00e9ntica con tu clase de tamales. \u00a1Hasta la pr\u00f3xima clase!<\/p>\n<\/div><div class=\"fusion-text fusion-text-2\"><p style=\"text-align: center; color: #c16172;\">Alejandra Huerta<\/p>\n<\/div><div class=\"fusion-clearfix\"><\/div><\/div><\/div><\/div><div class=\"fusion-builder-row fusion-builder-row-inner fusion-row\"><div class=\"fusion-layout-column fusion_builder_column_inner fusion-builder-nested-column-1 fusion_builder_column_inner_1_1 1_1 fusion-one-full fusion-column-first fusion-column-last\" style=\"margin-top:20px;margin-bottom:20px;\"><div class=\"fusion-column-wrapper fusion-flex-column-wrapper-legacy\" style=\"background-position:left top;background-repeat:no-repeat;-webkit-background-size:cover;-moz-background-size:cover;-o-background-size:cover;background-size:cover;padding: 0px 20px 0px 20px;\"><div class=\"fusion-sep-clear\"><\/div><div class=\"fusion-separator fusion-has-icon\" style=\"margin-left: auto;margin-right: auto;width:100%;max-width:30%;\"><div class=\"fusion-separator-border sep-single sep-dashed\" style=\"border-color:#c16172;border-top-width:1px;\"><\/div><span class=\"icon-wrapper\" style=\"border-color:transparent;font-size:16px;width: 1.75em; height: 1.75em;border-width:1px;padding:1px;margin-top:-0.5px\"><i class=\"fa-utensils fas\" style=\"font-size: inherit;color:#c16172;\" aria-hidden=\"true\"><\/i><\/span><div class=\"fusion-separator-border sep-single sep-dashed\" style=\"border-color:#c16172;border-top-width:1px;\"><\/div><\/div><div class=\"fusion-sep-clear\"><\/div><div class=\"fusion-clearfix\"><\/div><\/div><\/div><\/div><div class=\"fusion-builder-row fusion-builder-row-inner fusion-row\"><div class=\"fusion-layout-column fusion_builder_column_inner fusion-builder-nested-column-2 fusion_builder_column_inner_1_2 1_2 fusion-one-half fusion-column-first\" style=\"width:50%;width:calc(50% - ( ( 4% ) * 0.5 ) );margin-right: 4%;margin-top:20px;margin-bottom:20px;\"><div class=\"fusion-column-wrapper fusion-flex-column-wrapper-legacy\" style=\"background-position:left top;background-repeat:no-repeat;-webkit-background-size:cover;-moz-background-size:cover;-o-background-size:cover;background-size:cover;padding: 0px 20px 0px 20px;\"><div class=\"fusion-text fusion-text-3\"><p style=\"text-align: center;\">He tomado las clases de cocina de Maleh Gonz\u00e1lez.<br \/>\nEs muy profesional. Nos da los ingredientes de cada receta y nos da consejos de d\u00f3nde poderlos encontrar f\u00e1cilmente. El d\u00eda de la clase de cocina la disfruto mucho al aprender juntos. Explica muy bien los pasos y nos da tips que son necesarios para que el platillo salga bien. FELICIDADES!<\/p>\n<\/div><div class=\"fusion-text fusion-text-4\"><p style=\"text-align: center; color: #c16172;\">Gaby Gonz\u00e1lez<br \/>\nCiudad de M\u00e9xico<\/p>\n<\/div><div class=\"fusion-clearfix\"><\/div><\/div><\/div><div class=\"fusion-layout-column fusion_builder_column_inner fusion-builder-nested-column-3 fusion_builder_column_inner_1_2 1_2 fusion-one-half fusion-column-last\" style=\"width:50%;width:calc(50% - ( ( 4% ) * 0.5 ) );margin-top:20px;margin-bottom:20px;\"><div class=\"fusion-column-wrapper fusion-flex-column-wrapper-legacy\" style=\"background-position:left top;background-repeat:no-repeat;-webkit-background-size:cover;-moz-background-size:cover;-o-background-size:cover;background-size:cover;padding: 0px 20px 0px 20px;\"><div class=\"fusion-text fusion-text-5\"><p style=\"text-align: center;\">Soy totalmente fan de esta clase. Aqu\u00ed he aprendido que comer delicioso y hecho por m\u00ed, es posible. Me encanta que Maleh da tips que hacen m\u00e1s rico el platillo y es flexible cuando uno no tiene en casa el material exacto como ella lo pidi\u00f3. Y lo mejor es que abarca dulce y salado.<\/p>\n<\/div><div class=\"fusion-text fusion-text-6\"><p style=\"text-align: center; color: #c16172;\">Gabriela Toussaint<br \/>\nCiudad de M\u00e9xico<\/p>\n<\/div><div class=\"fusion-clearfix\"><\/div><\/div><\/div><\/div><div class=\"fusion-builder-row fusion-builder-row-inner fusion-row\"><div class=\"fusion-layout-column fusion_builder_column_inner fusion-builder-nested-column-4 fusion_builder_column_inner_1_2 1_2 fusion-one-half fusion-column-first\" style=\"width:50%;width:calc(50% - ( ( 4% ) * 0.5 ) );margin-right: 4%;margin-top:20px;margin-bottom:20px;\"><div class=\"fusion-column-wrapper fusion-flex-column-wrapper-legacy\" style=\"background-position:left top;background-repeat:no-repeat;-webkit-background-size:cover;-moz-background-size:cover;-o-background-size:cover;background-size:cover;padding: 0px 0px 0px 0px;\"><div class=\"fusion-sep-clear\"><\/div><div class=\"fusion-separator fusion-has-icon\" style=\"margin-left: auto;margin-right: auto;width:100%;max-width:30%;\"><div class=\"fusion-separator-border sep-single sep-dashed\" style=\"border-color:#c16172;border-top-width:1px;\"><\/div><span class=\"icon-wrapper\" style=\"border-color:transparent;font-size:16px;width: 1.75em; height: 1.75em;border-width:1px;padding:1px;margin-top:-0.5px\"><i class=\"fa-utensils fas\" style=\"font-size: inherit;color:#c16172;\" aria-hidden=\"true\"><\/i><\/span><div class=\"fusion-separator-border sep-single sep-dashed\" style=\"border-color:#c16172;border-top-width:1px;\"><\/div><\/div><div class=\"fusion-sep-clear\"><\/div><div class=\"fusion-clearfix\"><\/div><\/div><\/div><div class=\"fusion-layout-column fusion_builder_column_inner fusion-builder-nested-column-5 fusion_builder_column_inner_1_2 1_2 fusion-one-half fusion-column-last\" style=\"width:50%;width:calc(50% - ( ( 4% ) * 0.5 ) );margin-top:20px;margin-bottom:20px;\"><div class=\"fusion-column-wrapper fusion-flex-column-wrapper-legacy\" style=\"background-position:left top;background-repeat:no-repeat;-webkit-background-size:cover;-moz-background-size:cover;-o-background-size:cover;background-size:cover;padding: 0px 0px 0px 0px;\"><div class=\"fusion-sep-clear\"><\/div><div class=\"fusion-separator fusion-has-icon\" style=\"margin-left: auto;margin-right: auto;width:100%;max-width:30%;\"><div class=\"fusion-separator-border sep-single sep-dashed\" style=\"border-color:#c16172;border-top-width:1px;\"><\/div><span class=\"icon-wrapper\" style=\"border-color:transparent;font-size:16px;width: 1.75em; height: 1.75em;border-width:1px;padding:1px;margin-top:-0.5px\"><i class=\"fa-utensils fas\" style=\"font-size: inherit;color:#c16172;\" aria-hidden=\"true\"><\/i><\/span><div class=\"fusion-separator-border sep-single sep-dashed\" style=\"border-color:#c16172;border-top-width:1px;\"><\/div><\/div><div class=\"fusion-sep-clear\"><\/div><div class=\"fusion-clearfix\"><\/div><\/div><\/div><\/div><div class=\"fusion-builder-row fusion-builder-row-inner fusion-row\"><div class=\"fusion-layout-column fusion_builder_column_inner fusion-builder-nested-column-6 fusion_builder_column_inner_1_1 1_1 fusion-one-full fusion-column-first fusion-column-last\" style=\"margin-top:20px;margin-bottom:20px;\"><div class=\"fusion-column-wrapper fusion-flex-column-wrapper-legacy\" style=\"background-position:left top;background-repeat:no-repeat;-webkit-background-size:cover;-moz-background-size:cover;-o-background-size:cover;background-size:cover;padding: 0px 20px 0px 20px;\"><div class=\"fusion-text fusion-text-7\"><p style=\"text-align: center;\">Me gusta mucho participar en los talleres de Taste of the World, no s\u00f3lo porque practico recetas, &#8220;convivo&#8221; con m\u00e1s personas y me encanta cocinar; sino porque cuando Maleh gu\u00eda la clase muestra su compromiso y entrega con lo que hace. Se nota c\u00f3mo disfruta cada momento, le pone todo el coraz\u00f3n a cada receta que escoge, que adem\u00e1s han sido deliciosas todas y cada una. Adem\u00e1s transmite esa pasi\u00f3n y ganas de saborear y disfrutar de cada momento de la vida. Pienso que ese es el secreto que debe darle sentido a todo lo que hacemos. \u00a1Gracias Maleh!<\/p>\n<\/div><div class=\"fusion-text fusion-text-8\"><p style=\"text-align: center; color: #c16172;\">Alejandra Wulf<\/p>\n<\/div><div class=\"fusion-clearfix\"><\/div><\/div><\/div><\/div><div class=\"fusion-clearfix\"><\/div><\/div><\/div><\/div><\/div>\n","protected":false},"excerpt":{"rendered":"","protected":false},"author":2,"featured_media":0,"parent":0,"menu_order":0,"comment_status":"closed","ping_status":"closed","template":"","meta":{"nf_dc_page":"","footnotes":""},"class_list":["post-2153","page","type-page","status-publish","hentry"],"yoast_head":"<!-- This site is optimized with the Yoast SEO plugin v27.5 - https:\/\/yoast.com\/product\/yoast-seo-wordpress\/ -->\n<title>COMENTARIOS -<\/title>\n<meta name=\"robots\" content=\"index, follow, max-snippet:-1, max-image-preview:large, max-video-preview:-1\" \/>\n<link rel=\"canonical\" href=\"https:\/\/tasteoftheworld.ca\/es\/comentarios\/\" \/>\n<meta property=\"og:locale\" content=\"es_ES\" \/>\n<meta property=\"og:type\" content=\"article\" \/>\n<meta property=\"og:title\" content=\"COMENTARIOS -\" \/>\n<meta property=\"og:url\" content=\"https:\/\/tasteoftheworld.ca\/es\/comentarios\/\" \/>\n<meta property=\"article:modified_time\" content=\"2024-04-11T13:56:09+00:00\" \/>\n<meta name=\"twitter:card\" content=\"summary_large_image\" \/>\n<meta name=\"twitter:label1\" content=\"Tiempo de lectura\" \/>\n\t<meta name=\"twitter:data1\" content=\"6 minutos\" \/>\n<script type=\"application\/ld+json\" class=\"yoast-schema-graph\">{\"@context\":\"https:\\\/\\\/schema.org\",\"@graph\":[{\"@type\":\"WebPage\",\"@id\":\"https:\\\/\\\/tasteoftheworld.ca\\\/es\\\/comentarios\\\/\",\"url\":\"https:\\\/\\\/tasteoftheworld.ca\\\/es\\\/comentarios\\\/\",\"name\":\"COMENTARIOS -\",\"isPartOf\":{\"@id\":\"https:\\\/\\\/tasteoftheworld.ca\\\/es\\\/#website\"},\"datePublished\":\"2021-05-04T10:35:22+00:00\",\"dateModified\":\"2024-04-11T13:56:09+00:00\",\"breadcrumb\":{\"@id\":\"https:\\\/\\\/tasteoftheworld.ca\\\/es\\\/comentarios\\\/#breadcrumb\"},\"inLanguage\":\"es\",\"potentialAction\":[{\"@type\":\"ReadAction\",\"target\":[\"https:\\\/\\\/tasteoftheworld.ca\\\/es\\\/comentarios\\\/\"]}]},{\"@type\":\"BreadcrumbList\",\"@id\":\"https:\\\/\\\/tasteoftheworld.ca\\\/es\\\/comentarios\\\/#breadcrumb\",\"itemListElement\":[{\"@type\":\"ListItem\",\"position\":1,\"name\":\"Home\",\"item\":\"https:\\\/\\\/tasteoftheworld.ca\\\/es\\\/\"},{\"@type\":\"ListItem\",\"position\":2,\"name\":\"COMENTARIOS\"}]},{\"@type\":\"WebSite\",\"@id\":\"https:\\\/\\\/tasteoftheworld.ca\\\/es\\\/#website\",\"url\":\"https:\\\/\\\/tasteoftheworld.ca\\\/es\\\/\",\"name\":\"\",\"description\":\"Online cooking experiences for people eager to learn how to cook dishes from different countries.\",\"publisher\":{\"@id\":\"https:\\\/\\\/tasteoftheworld.ca\\\/es\\\/#\\\/schema\\\/person\\\/7a8cc951d9fdf784ae0858558c919978\"},\"potentialAction\":[{\"@type\":\"SearchAction\",\"target\":{\"@type\":\"EntryPoint\",\"urlTemplate\":\"https:\\\/\\\/tasteoftheworld.ca\\\/es\\\/?s={search_term_string}\"},\"query-input\":{\"@type\":\"PropertyValueSpecification\",\"valueRequired\":true,\"valueName\":\"search_term_string\"}}],\"inLanguage\":\"es\"},{\"@type\":[\"Person\",\"Organization\"],\"@id\":\"https:\\\/\\\/tasteoftheworld.ca\\\/es\\\/#\\\/schema\\\/person\\\/7a8cc951d9fdf784ae0858558c919978\",\"name\":\"male.grandizo\",\"image\":{\"@type\":\"ImageObject\",\"inLanguage\":\"es\",\"@id\":\"https:\\\/\\\/secure.gravatar.com\\\/avatar\\\/8b781bd8c6a9f201350ee3986f8722da097ae026c7afdfaa0e84a2fae4846599?s=96&d=mm&r=g\",\"url\":\"https:\\\/\\\/secure.gravatar.com\\\/avatar\\\/8b781bd8c6a9f201350ee3986f8722da097ae026c7afdfaa0e84a2fae4846599?s=96&d=mm&r=g\",\"contentUrl\":\"https:\\\/\\\/secure.gravatar.com\\\/avatar\\\/8b781bd8c6a9f201350ee3986f8722da097ae026c7afdfaa0e84a2fae4846599?s=96&d=mm&r=g\",\"caption\":\"male.grandizo\"},\"logo\":{\"@id\":\"https:\\\/\\\/secure.gravatar.com\\\/avatar\\\/8b781bd8c6a9f201350ee3986f8722da097ae026c7afdfaa0e84a2fae4846599?s=96&d=mm&r=g\"},\"sameAs\":[\"http:\\\/\\\/Taste%20of%20the%20World\"]}]}<\/script>\n<!-- \/ Yoast SEO plugin. -->","yoast_head_json":{"title":"COMENTARIOS -","robots":{"index":"index","follow":"follow","max-snippet":"max-snippet:-1","max-image-preview":"max-image-preview:large","max-video-preview":"max-video-preview:-1"},"canonical":"https:\/\/tasteoftheworld.ca\/es\/comentarios\/","og_locale":"es_ES","og_type":"article","og_title":"COMENTARIOS -","og_url":"https:\/\/tasteoftheworld.ca\/es\/comentarios\/","article_modified_time":"2024-04-11T13:56:09+00:00","twitter_card":"summary_large_image","twitter_misc":{"Tiempo de lectura":"6 minutos"},"schema":{"@context":"https:\/\/schema.org","@graph":[{"@type":"WebPage","@id":"https:\/\/tasteoftheworld.ca\/es\/comentarios\/","url":"https:\/\/tasteoftheworld.ca\/es\/comentarios\/","name":"COMENTARIOS -","isPartOf":{"@id":"https:\/\/tasteoftheworld.ca\/es\/#website"},"datePublished":"2021-05-04T10:35:22+00:00","dateModified":"2024-04-11T13:56:09+00:00","breadcrumb":{"@id":"https:\/\/tasteoftheworld.ca\/es\/comentarios\/#breadcrumb"},"inLanguage":"es","potentialAction":[{"@type":"ReadAction","target":["https:\/\/tasteoftheworld.ca\/es\/comentarios\/"]}]},{"@type":"BreadcrumbList","@id":"https:\/\/tasteoftheworld.ca\/es\/comentarios\/#breadcrumb","itemListElement":[{"@type":"ListItem","position":1,"name":"Home","item":"https:\/\/tasteoftheworld.ca\/es\/"},{"@type":"ListItem","position":2,"name":"COMENTARIOS"}]},{"@type":"WebSite","@id":"https:\/\/tasteoftheworld.ca\/es\/#website","url":"https:\/\/tasteoftheworld.ca\/es\/","name":"","description":"Online cooking experiences for people eager to learn how to cook dishes from different countries.","publisher":{"@id":"https:\/\/tasteoftheworld.ca\/es\/#\/schema\/person\/7a8cc951d9fdf784ae0858558c919978"},"potentialAction":[{"@type":"SearchAction","target":{"@type":"EntryPoint","urlTemplate":"https:\/\/tasteoftheworld.ca\/es\/?s={search_term_string}"},"query-input":{"@type":"PropertyValueSpecification","valueRequired":true,"valueName":"search_term_string"}}],"inLanguage":"es"},{"@type":["Person","Organization"],"@id":"https:\/\/tasteoftheworld.ca\/es\/#\/schema\/person\/7a8cc951d9fdf784ae0858558c919978","name":"male.grandizo","image":{"@type":"ImageObject","inLanguage":"es","@id":"https:\/\/secure.gravatar.com\/avatar\/8b781bd8c6a9f201350ee3986f8722da097ae026c7afdfaa0e84a2fae4846599?s=96&d=mm&r=g","url":"https:\/\/secure.gravatar.com\/avatar\/8b781bd8c6a9f201350ee3986f8722da097ae026c7afdfaa0e84a2fae4846599?s=96&d=mm&r=g","contentUrl":"https:\/\/secure.gravatar.com\/avatar\/8b781bd8c6a9f201350ee3986f8722da097ae026c7afdfaa0e84a2fae4846599?s=96&d=mm&r=g","caption":"male.grandizo"},"logo":{"@id":"https:\/\/secure.gravatar.com\/avatar\/8b781bd8c6a9f201350ee3986f8722da097ae026c7afdfaa0e84a2fae4846599?s=96&d=mm&r=g"},"sameAs":["http:\/\/Taste%20of%20the%20World"]}]}},"jetpack_sharing_enabled":true,"_links":{"self":[{"href":"https:\/\/tasteoftheworld.ca\/es\/wp-json\/wp\/v2\/pages\/2153","targetHints":{"allow":["GET"]}}],"collection":[{"href":"https:\/\/tasteoftheworld.ca\/es\/wp-json\/wp\/v2\/pages"}],"about":[{"href":"https:\/\/tasteoftheworld.ca\/es\/wp-json\/wp\/v2\/types\/page"}],"author":[{"embeddable":true,"href":"https:\/\/tasteoftheworld.ca\/es\/wp-json\/wp\/v2\/users\/2"}],"replies":[{"embeddable":true,"href":"https:\/\/tasteoftheworld.ca\/es\/wp-json\/wp\/v2\/comments?post=2153"}],"version-history":[{"count":5,"href":"https:\/\/tasteoftheworld.ca\/es\/wp-json\/wp\/v2\/pages\/2153\/revisions"}],"predecessor-version":[{"id":3480,"href":"https:\/\/tasteoftheworld.ca\/es\/wp-json\/wp\/v2\/pages\/2153\/revisions\/3480"}],"wp:attachment":[{"href":"https:\/\/tasteoftheworld.ca\/es\/wp-json\/wp\/v2\/media?parent=2153"}],"curies":[{"name":"wp","href":"https:\/\/api.w.org\/{rel}","templated":true}]}}