{"id":3382,"date":"2024-04-09T07:07:56","date_gmt":"2024-04-09T15:07:56","guid":{"rendered":"https:\/\/tasteoftheworld.ca\/?page_id=3382"},"modified":"2024-04-17T04:39:33","modified_gmt":"2024-04-17T12:39:33","slug":"acerca-de-mi","status":"publish","type":"page","link":"https:\/\/tasteoftheworld.ca\/es\/acerca-de-mi\/","title":{"rendered":"ACERCA DE MI"},"content":{"rendered":"<p><div class=\"fusion-fullwidth fullwidth-box fusion-builder-row-1 fusion-parallax-none hundred-percent-fullwidth non-hundred-percent-height-scrolling fusion-equal-height-columns lazyload\" style=\"background-color: rgba(255,255,255,0);background-image:inherit;background-position: left top;background-repeat: no-repeat;padding-top:0px;padding-right:0px;padding-bottom:0px;padding-left:0px;margin-bottom: 0px;margin-top: 0px;border-width: 0px 0px 0px 0px;border-color:#eae9e9;border-style:solid;-webkit-background-size:cover;-moz-background-size:cover;-o-background-size:cover;background-size:cover;min-height:150px;\"  data-bg-image=\"url(&quot;https:\/\/tasteoftheworld.ca\/wp-content\/uploads\/2019\/09\/menus-bg.png&quot;)\"><div class=\"fusion-builder-row fusion-row\"><div class=\"fusion-layout-column fusion_builder_column fusion-builder-column-0 fusion_builder_column_1_1 1_1 fusion-one-full fusion-column-first fusion-column-last\" style=\"margin-top:20px;margin-bottom:20px;\"><div class=\"fusion-column-wrapper fusion-flex-column-wrapper-legacy\" style=\"background-position:left top;background-repeat:no-repeat;-webkit-background-size:cover;-moz-background-size:cover;-o-background-size:cover;background-size:cover;padding: 0px 0px 0px 0px;\"><div class=\"fusion-column-content-centered\"><div class=\"fusion-column-content\"><div class=\"fusion-text fusion-text-1\" style=\"margin-top:24px;\"><h2 style=\"text-align: center; color: #ffffff;\">ACERCA DE MI<\/h2>\n<\/div><\/div><\/div><div class=\"fusion-clearfix\"><\/div><\/div><\/div><\/div><\/div><div class=\"fusion-fullwidth fullwidth-box fusion-builder-row-2 nonhundred-percent-fullwidth non-hundred-percent-height-scrolling\" style=\"background-color: rgba(255,255,255,0);background-position: center center;background-repeat: no-repeat;padding-top:0px;padding-right:0px;padding-bottom:0px;padding-left:0px;margin-bottom: 0px;margin-top: 5%;border-width: 0px 0px 0px 0px;border-color:#eae9e9;border-style:solid;\" ><div class=\"fusion-builder-row fusion-row\"><div class=\"fusion-layout-column fusion_builder_column fusion-builder-column-1 fusion_builder_column_1_2 1_2 fusion-one-half fusion-column-first\" style=\"width:48%; margin-right: 4%;margin-top:0px;margin-bottom:0px;\"><div class=\"fusion-column-wrapper fusion-flex-column-wrapper-legacy\" style=\"background-position:left top;background-repeat:no-repeat;-webkit-background-size:cover;-moz-background-size:cover;-o-background-size:cover;background-size:cover;padding: 0px 0px 0px 0px;\"><div class=\"fusion-text fusion-text-2\"><p style=\"text-align: center;\"><strong>Mi nombre es Maleh y soy de la Ciudad de M\u00e9xico<\/strong><\/p>\n<p style=\"text-align: center;\">He dado <a href=\"https:\/\/tasteoftheworld.ca\/es\/clases-de-cocina\/\">clases de cocina<\/a> en mi casa por doce a\u00f1os y recientemente, las <a href=\"https:\/\/tasteoftheworld.ca\/cooking-classes\/\">clases en l\u00ednea<\/a> han resultado ser todo un \u00e9xito tambi\u00e9n.<\/p>\n<p style=\"text-align: center;\">El gusto por la cocina lo hered\u00e9 desde muy peque\u00f1a. A trav\u00e9s de los a\u00f1os, he aprendido de familiares, amigos y chefs profesionales, a cocinar diferentes platillos, as\u00ed como a disponer maravillosas comidas.<\/p>\n<p style=\"text-align: center;\">Mi origen latino, europeo y algunos viajes, me han hecho interesarme en comida de todo el mundo!<\/p>\n<p style=\"text-align: center;\">Ense\u00f1ar y compartir la comida con los dem\u00e1s significa mucho para mi y es una de mis pasiones.<\/p>\n<\/div><div class=\"fusion-clearfix\"><\/div><\/div><\/div><div class=\"fusion-layout-column fusion_builder_column fusion-builder-column-2 fusion_builder_column_1_2 1_2 fusion-one-half fusion-column-last\" style=\"width:48%;margin-top:0px;margin-bottom:0px;\"><div class=\"fusion-column-wrapper fusion-flex-column-wrapper-legacy\" style=\"background-position:left top;background-repeat:no-repeat;-webkit-background-size:cover;-moz-background-size:cover;-o-background-size:cover;background-size:cover;padding: 0px 0px 0px 0px;\"><div class=\"fusion-image-carousel fusion-image-carousel-auto fusion-carousel-border\"><div class=\"fusion-carousel\" data-autoplay=\"yes\" data-columns=\"1\" data-itemmargin=\"13\" data-itemwidth=\"180\" data-touchscroll=\"no\" data-imagesize=\"auto\"><div class=\"fusion-carousel-positioner\"><ul class=\"fusion-carousel-holder\"><li class=\"fusion-carousel-item\"><div class=\"fusion-carousel-item-wrapper\"><div class=\"fusion-image-wrapper hover-type-none\"><img decoding=\"async\" width=\"1000\" height=\"1000\" data-src=\"https:\/\/i0.wp.com\/tasteoftheworld.ca\/wp-content\/uploads\/2024\/01\/AboutMe1_2024.jpg?fit=1000%2C1000&amp;ssl=1\" class=\"attachment-full size-full lazyload\" alt=\"\" data-srcset=\"https:\/\/i0.wp.com\/tasteoftheworld.ca\/wp-content\/uploads\/2024\/01\/AboutMe1_2024.jpg?resize=66%2C66&amp;ssl=1 66w, https:\/\/i0.wp.com\/tasteoftheworld.ca\/wp-content\/uploads\/2024\/01\/AboutMe1_2024.jpg?resize=150%2C150&amp;ssl=1 150w, https:\/\/i0.wp.com\/tasteoftheworld.ca\/wp-content\/uploads\/2024\/01\/AboutMe1_2024.jpg?resize=200%2C200&amp;ssl=1 200w, https:\/\/i0.wp.com\/tasteoftheworld.ca\/wp-content\/uploads\/2024\/01\/AboutMe1_2024.jpg?resize=300%2C300&amp;ssl=1 300w, https:\/\/i0.wp.com\/tasteoftheworld.ca\/wp-content\/uploads\/2024\/01\/AboutMe1_2024.jpg?resize=400%2C400&amp;ssl=1 400w, https:\/\/i0.wp.com\/tasteoftheworld.ca\/wp-content\/uploads\/2024\/01\/AboutMe1_2024.jpg?resize=600%2C600&amp;ssl=1 600w, https:\/\/i0.wp.com\/tasteoftheworld.ca\/wp-content\/uploads\/2024\/01\/AboutMe1_2024.jpg?resize=768%2C768&amp;ssl=1 768w, https:\/\/i0.wp.com\/tasteoftheworld.ca\/wp-content\/uploads\/2024\/01\/AboutMe1_2024.jpg?resize=800%2C800&amp;ssl=1 800w, https:\/\/i0.wp.com\/tasteoftheworld.ca\/wp-content\/uploads\/2024\/01\/AboutMe1_2024.jpg?fit=1000%2C1000&amp;ssl=1 1000w\" data-sizes=\"(max-width: 1000px) 100vw, 1000px\" src=\"data:image\/svg+xml;base64,PHN2ZyB3aWR0aD0iMSIgaGVpZ2h0PSIxIiB4bWxucz0iaHR0cDovL3d3dy53My5vcmcvMjAwMC9zdmciPjwvc3ZnPg==\" style=\"--smush-placeholder-width: 1000px; --smush-placeholder-aspect-ratio: 1000\/1000;\" \/><\/div><\/div><\/li><li class=\"fusion-carousel-item\"><div class=\"fusion-carousel-item-wrapper\"><div class=\"fusion-image-wrapper hover-type-none\"><img decoding=\"async\" width=\"1000\" height=\"1000\" data-src=\"https:\/\/i0.wp.com\/tasteoftheworld.ca\/wp-content\/uploads\/2024\/01\/AboutMe2_2024.jpg?fit=1000%2C1000&amp;ssl=1\" class=\"attachment-full size-full lazyload\" alt=\"\" data-srcset=\"https:\/\/i0.wp.com\/tasteoftheworld.ca\/wp-content\/uploads\/2024\/01\/AboutMe2_2024.jpg?resize=66%2C66&amp;ssl=1 66w, https:\/\/i0.wp.com\/tasteoftheworld.ca\/wp-content\/uploads\/2024\/01\/AboutMe2_2024.jpg?resize=150%2C150&amp;ssl=1 150w, https:\/\/i0.wp.com\/tasteoftheworld.ca\/wp-content\/uploads\/2024\/01\/AboutMe2_2024.jpg?resize=200%2C200&amp;ssl=1 200w, https:\/\/i0.wp.com\/tasteoftheworld.ca\/wp-content\/uploads\/2024\/01\/AboutMe2_2024.jpg?resize=300%2C300&amp;ssl=1 300w, https:\/\/i0.wp.com\/tasteoftheworld.ca\/wp-content\/uploads\/2024\/01\/AboutMe2_2024.jpg?resize=400%2C400&amp;ssl=1 400w, https:\/\/i0.wp.com\/tasteoftheworld.ca\/wp-content\/uploads\/2024\/01\/AboutMe2_2024.jpg?resize=600%2C600&amp;ssl=1 600w, https:\/\/i0.wp.com\/tasteoftheworld.ca\/wp-content\/uploads\/2024\/01\/AboutMe2_2024.jpg?resize=768%2C768&amp;ssl=1 768w, https:\/\/i0.wp.com\/tasteoftheworld.ca\/wp-content\/uploads\/2024\/01\/AboutMe2_2024.jpg?resize=800%2C800&amp;ssl=1 800w, https:\/\/i0.wp.com\/tasteoftheworld.ca\/wp-content\/uploads\/2024\/01\/AboutMe2_2024.jpg?fit=1000%2C1000&amp;ssl=1 1000w\" data-sizes=\"(max-width: 1000px) 100vw, 1000px\" src=\"data:image\/svg+xml;base64,PHN2ZyB3aWR0aD0iMSIgaGVpZ2h0PSIxIiB4bWxucz0iaHR0cDovL3d3dy53My5vcmcvMjAwMC9zdmciPjwvc3ZnPg==\" style=\"--smush-placeholder-width: 1000px; --smush-placeholder-aspect-ratio: 1000\/1000;\" \/><\/div><\/div><\/li><\/ul><div class=\"fusion-carousel-nav\"><span class=\"fusion-nav-prev\"><\/span><span class=\"fusion-nav-next\"><\/span><\/div><\/div><\/div><\/div><div class=\"fusion-clearfix\"><\/div><\/div><\/div><\/div><\/div><\/p>\n","protected":false},"excerpt":{"rendered":"","protected":false},"author":2,"featured_media":0,"parent":0,"menu_order":0,"comment_status":"closed","ping_status":"closed","template":"","meta":{"nf_dc_page":"","footnotes":""},"class_list":["post-3382","page","type-page","status-publish","hentry"],"yoast_head":"<!-- This site is optimized with the Yoast SEO plugin v27.5 - https:\/\/yoast.com\/product\/yoast-seo-wordpress\/ -->\n<title>ACERCA DE MI -<\/title>\n<meta name=\"robots\" content=\"index, follow, max-snippet:-1, max-image-preview:large, max-video-preview:-1\" \/>\n<link rel=\"canonical\" href=\"https:\/\/tasteoftheworld.ca\/es\/acerca-de-mi\/\" \/>\n<meta property=\"og:locale\" content=\"es_ES\" \/>\n<meta property=\"og:type\" content=\"article\" \/>\n<meta property=\"og:title\" content=\"ACERCA DE MI -\" \/>\n<meta property=\"og:url\" content=\"https:\/\/tasteoftheworld.ca\/es\/acerca-de-mi\/\" \/>\n<meta property=\"article:modified_time\" content=\"2024-04-17T12:39:33+00:00\" \/>\n<meta name=\"twitter:card\" content=\"summary_large_image\" \/>\n<meta name=\"twitter:label1\" content=\"Tiempo de lectura\" \/>\n\t<meta name=\"twitter:data1\" content=\"3 minutos\" \/>\n<script type=\"application\/ld+json\" class=\"yoast-schema-graph\">{\"@context\":\"https:\\\/\\\/schema.org\",\"@graph\":[{\"@type\":\"WebPage\",\"@id\":\"https:\\\/\\\/tasteoftheworld.ca\\\/es\\\/acerca-de-mi\\\/\",\"url\":\"https:\\\/\\\/tasteoftheworld.ca\\\/es\\\/acerca-de-mi\\\/\",\"name\":\"ACERCA DE MI -\",\"isPartOf\":{\"@id\":\"https:\\\/\\\/tasteoftheworld.ca\\\/es\\\/#website\"},\"datePublished\":\"2024-04-09T15:07:56+00:00\",\"dateModified\":\"2024-04-17T12:39:33+00:00\",\"breadcrumb\":{\"@id\":\"https:\\\/\\\/tasteoftheworld.ca\\\/es\\\/acerca-de-mi\\\/#breadcrumb\"},\"inLanguage\":\"es\",\"potentialAction\":[{\"@type\":\"ReadAction\",\"target\":[\"https:\\\/\\\/tasteoftheworld.ca\\\/es\\\/acerca-de-mi\\\/\"]}]},{\"@type\":\"BreadcrumbList\",\"@id\":\"https:\\\/\\\/tasteoftheworld.ca\\\/es\\\/acerca-de-mi\\\/#breadcrumb\",\"itemListElement\":[{\"@type\":\"ListItem\",\"position\":1,\"name\":\"Home\",\"item\":\"https:\\\/\\\/tasteoftheworld.ca\\\/es\\\/\"},{\"@type\":\"ListItem\",\"position\":2,\"name\":\"ACERCA DE MI\"}]},{\"@type\":\"WebSite\",\"@id\":\"https:\\\/\\\/tasteoftheworld.ca\\\/es\\\/#website\",\"url\":\"https:\\\/\\\/tasteoftheworld.ca\\\/es\\\/\",\"name\":\"\",\"description\":\"Online cooking experiences for people eager to learn how to cook dishes from different countries.\",\"publisher\":{\"@id\":\"https:\\\/\\\/tasteoftheworld.ca\\\/es\\\/#\\\/schema\\\/person\\\/7a8cc951d9fdf784ae0858558c919978\"},\"potentialAction\":[{\"@type\":\"SearchAction\",\"target\":{\"@type\":\"EntryPoint\",\"urlTemplate\":\"https:\\\/\\\/tasteoftheworld.ca\\\/es\\\/?s={search_term_string}\"},\"query-input\":{\"@type\":\"PropertyValueSpecification\",\"valueRequired\":true,\"valueName\":\"search_term_string\"}}],\"inLanguage\":\"es\"},{\"@type\":[\"Person\",\"Organization\"],\"@id\":\"https:\\\/\\\/tasteoftheworld.ca\\\/es\\\/#\\\/schema\\\/person\\\/7a8cc951d9fdf784ae0858558c919978\",\"name\":\"male.grandizo\",\"image\":{\"@type\":\"ImageObject\",\"inLanguage\":\"es\",\"@id\":\"https:\\\/\\\/secure.gravatar.com\\\/avatar\\\/8b781bd8c6a9f201350ee3986f8722da097ae026c7afdfaa0e84a2fae4846599?s=96&d=mm&r=g\",\"url\":\"https:\\\/\\\/secure.gravatar.com\\\/avatar\\\/8b781bd8c6a9f201350ee3986f8722da097ae026c7afdfaa0e84a2fae4846599?s=96&d=mm&r=g\",\"contentUrl\":\"https:\\\/\\\/secure.gravatar.com\\\/avatar\\\/8b781bd8c6a9f201350ee3986f8722da097ae026c7afdfaa0e84a2fae4846599?s=96&d=mm&r=g\",\"caption\":\"male.grandizo\"},\"logo\":{\"@id\":\"https:\\\/\\\/secure.gravatar.com\\\/avatar\\\/8b781bd8c6a9f201350ee3986f8722da097ae026c7afdfaa0e84a2fae4846599?s=96&d=mm&r=g\"},\"sameAs\":[\"http:\\\/\\\/Taste%20of%20the%20World\"]}]}<\/script>\n<!-- \/ Yoast SEO plugin. -->","yoast_head_json":{"title":"ACERCA DE MI -","robots":{"index":"index","follow":"follow","max-snippet":"max-snippet:-1","max-image-preview":"max-image-preview:large","max-video-preview":"max-video-preview:-1"},"canonical":"https:\/\/tasteoftheworld.ca\/es\/acerca-de-mi\/","og_locale":"es_ES","og_type":"article","og_title":"ACERCA DE MI -","og_url":"https:\/\/tasteoftheworld.ca\/es\/acerca-de-mi\/","article_modified_time":"2024-04-17T12:39:33+00:00","twitter_card":"summary_large_image","twitter_misc":{"Tiempo de lectura":"3 minutos"},"schema":{"@context":"https:\/\/schema.org","@graph":[{"@type":"WebPage","@id":"https:\/\/tasteoftheworld.ca\/es\/acerca-de-mi\/","url":"https:\/\/tasteoftheworld.ca\/es\/acerca-de-mi\/","name":"ACERCA DE MI -","isPartOf":{"@id":"https:\/\/tasteoftheworld.ca\/es\/#website"},"datePublished":"2024-04-09T15:07:56+00:00","dateModified":"2024-04-17T12:39:33+00:00","breadcrumb":{"@id":"https:\/\/tasteoftheworld.ca\/es\/acerca-de-mi\/#breadcrumb"},"inLanguage":"es","potentialAction":[{"@type":"ReadAction","target":["https:\/\/tasteoftheworld.ca\/es\/acerca-de-mi\/"]}]},{"@type":"BreadcrumbList","@id":"https:\/\/tasteoftheworld.ca\/es\/acerca-de-mi\/#breadcrumb","itemListElement":[{"@type":"ListItem","position":1,"name":"Home","item":"https:\/\/tasteoftheworld.ca\/es\/"},{"@type":"ListItem","position":2,"name":"ACERCA DE MI"}]},{"@type":"WebSite","@id":"https:\/\/tasteoftheworld.ca\/es\/#website","url":"https:\/\/tasteoftheworld.ca\/es\/","name":"","description":"Online cooking experiences for people eager to learn how to cook dishes from different countries.","publisher":{"@id":"https:\/\/tasteoftheworld.ca\/es\/#\/schema\/person\/7a8cc951d9fdf784ae0858558c919978"},"potentialAction":[{"@type":"SearchAction","target":{"@type":"EntryPoint","urlTemplate":"https:\/\/tasteoftheworld.ca\/es\/?s={search_term_string}"},"query-input":{"@type":"PropertyValueSpecification","valueRequired":true,"valueName":"search_term_string"}}],"inLanguage":"es"},{"@type":["Person","Organization"],"@id":"https:\/\/tasteoftheworld.ca\/es\/#\/schema\/person\/7a8cc951d9fdf784ae0858558c919978","name":"male.grandizo","image":{"@type":"ImageObject","inLanguage":"es","@id":"https:\/\/secure.gravatar.com\/avatar\/8b781bd8c6a9f201350ee3986f8722da097ae026c7afdfaa0e84a2fae4846599?s=96&d=mm&r=g","url":"https:\/\/secure.gravatar.com\/avatar\/8b781bd8c6a9f201350ee3986f8722da097ae026c7afdfaa0e84a2fae4846599?s=96&d=mm&r=g","contentUrl":"https:\/\/secure.gravatar.com\/avatar\/8b781bd8c6a9f201350ee3986f8722da097ae026c7afdfaa0e84a2fae4846599?s=96&d=mm&r=g","caption":"male.grandizo"},"logo":{"@id":"https:\/\/secure.gravatar.com\/avatar\/8b781bd8c6a9f201350ee3986f8722da097ae026c7afdfaa0e84a2fae4846599?s=96&d=mm&r=g"},"sameAs":["http:\/\/Taste%20of%20the%20World"]}]}},"jetpack_sharing_enabled":true,"_links":{"self":[{"href":"https:\/\/tasteoftheworld.ca\/es\/wp-json\/wp\/v2\/pages\/3382","targetHints":{"allow":["GET"]}}],"collection":[{"href":"https:\/\/tasteoftheworld.ca\/es\/wp-json\/wp\/v2\/pages"}],"about":[{"href":"https:\/\/tasteoftheworld.ca\/es\/wp-json\/wp\/v2\/types\/page"}],"author":[{"embeddable":true,"href":"https:\/\/tasteoftheworld.ca\/es\/wp-json\/wp\/v2\/users\/2"}],"replies":[{"embeddable":true,"href":"https:\/\/tasteoftheworld.ca\/es\/wp-json\/wp\/v2\/comments?post=3382"}],"version-history":[{"count":3,"href":"https:\/\/tasteoftheworld.ca\/es\/wp-json\/wp\/v2\/pages\/3382\/revisions"}],"predecessor-version":[{"id":3491,"href":"https:\/\/tasteoftheworld.ca\/es\/wp-json\/wp\/v2\/pages\/3382\/revisions\/3491"}],"wp:attachment":[{"href":"https:\/\/tasteoftheworld.ca\/es\/wp-json\/wp\/v2\/media?parent=3382"}],"curies":[{"name":"wp","href":"https:\/\/api.w.org\/{rel}","templated":true}]}}