{"id":3393,"date":"2024-04-09T07:33:19","date_gmt":"2024-04-09T15:33:19","guid":{"rendered":"https:\/\/tasteoftheworld.ca\/?page_id=3393"},"modified":"2024-04-19T01:41:58","modified_gmt":"2024-04-19T09:41:58","slug":"eventos-privados","status":"publish","type":"page","link":"https:\/\/tasteoftheworld.ca\/es\/eventos-privados\/","title":{"rendered":"EVENTOS PRIVADOS"},"content":{"rendered":"<p><div class=\"fusion-fullwidth fullwidth-box fusion-builder-row-1 fusion-parallax-none hundred-percent-fullwidth non-hundred-percent-height-scrolling fusion-equal-height-columns lazyload\" style=\"background-color: rgba(255,255,255,0);background-image:inherit;background-position: left top;background-repeat: no-repeat;padding-top:0px;padding-right:0px;padding-bottom:0px;padding-left:0px;margin-bottom: 0px;margin-top: 0px;border-width: 0px 0px 0px 0px;border-color:#eae9e9;border-style:solid;-webkit-background-size:cover;-moz-background-size:cover;-o-background-size:cover;background-size:cover;min-height:150px;\"  data-bg-image=\"url(&quot;https:\/\/tasteoftheworld.ca\/wp-content\/uploads\/2019\/09\/menus-bg.png&quot;)\"><div class=\"fusion-builder-row fusion-row\"><div class=\"fusion-layout-column fusion_builder_column fusion-builder-column-0 fusion_builder_column_1_1 1_1 fusion-one-full fusion-column-first fusion-column-last\" style=\"margin-top:20px;margin-bottom:20px;\"><div class=\"fusion-column-wrapper fusion-flex-column-wrapper-legacy\" style=\"background-position:left top;background-repeat:no-repeat;-webkit-background-size:cover;-moz-background-size:cover;-o-background-size:cover;background-size:cover;padding: 0px 0px 0px 0px;\"><div class=\"fusion-column-content-centered\"><div class=\"fusion-column-content\"><div class=\"fusion-text fusion-text-1\" style=\"margin-top:24px;\"><h2 style=\"text-align: center; color: #ffffff;\">EVENTOS PRIVADOS<\/h2>\n<\/div><\/div><\/div><div class=\"fusion-clearfix\"><\/div><\/div><\/div><\/div><\/div><div class=\"fusion-fullwidth fullwidth-box fusion-builder-row-2 nonhundred-percent-fullwidth non-hundred-percent-height-scrolling\" style=\"background-color: rgba(255,255,255,0);background-position: center center;background-repeat: no-repeat;padding-top:0px;padding-right:0px;padding-bottom:0px;padding-left:0px;margin-bottom: 0px;margin-top: 5%;border-width: 0px 0px 0px 0px;border-color:#eae9e9;border-style:solid;\" ><div class=\"fusion-builder-row fusion-row\"><div class=\"fusion-layout-column fusion_builder_column fusion-builder-column-1 fusion_builder_column_1_1 1_1 fusion-one-full fusion-column-first fusion-column-last\" style=\"margin-top:20px;margin-bottom:20px;\"><div class=\"fusion-column-wrapper fusion-flex-column-wrapper-legacy\" style=\"background-position:left top;background-repeat:no-repeat;-webkit-background-size:cover;-moz-background-size:cover;-o-background-size:cover;background-size:cover;padding: 0px 0px 0px 0px;\"><div class=\"fusion-text fusion-text-2\"><p style=\"text-align: center;\">Las clases de cocina tambi\u00e9n est\u00e1n disponibles para grupos privados.<\/p>\n<p style=\"text-align: center;\">Agr\u00e9gale un toque original a una reuni\u00f3n virtual o en vivo, consiente a tu equipo de trabajo o invita a tus amigos o a gente querida a una clase de cocina para pasar un rato agradable. Es una excelente manera de celebrar una ocasi\u00f3n especial!<\/p>\n<p style=\"text-align: center;\">Env\u00edame tu informaci\u00f3n llenando la forma de abajo. Con gusto checar\u00e9 disponibilidad y te contactar\u00e9 pronto.<\/p>\n<\/div><div class=\"fusion-image-carousel fusion-image-carousel-auto fusion-carousel-border\"><div class=\"fusion-carousel\" data-autoplay=\"yes\" data-columns=\"1\" data-itemmargin=\"13\" data-itemwidth=\"180\" data-touchscroll=\"no\" data-imagesize=\"auto\"><div class=\"fusion-carousel-positioner\"><ul class=\"fusion-carousel-holder\"><li class=\"fusion-carousel-item\"><div class=\"fusion-carousel-item-wrapper\"><div class=\"fusion-image-wrapper hover-type-none\"><img decoding=\"async\" width=\"1170\" height=\"600\" data-src=\"https:\/\/i0.wp.com\/tasteoftheworld.ca\/wp-content\/uploads\/2024\/02\/PrivateEvents_1_2024_ok.jpg?fit=1170%2C600&amp;ssl=1\" class=\"attachment-full size-full lazyload\" alt=\"\" data-srcset=\"https:\/\/i0.wp.com\/tasteoftheworld.ca\/wp-content\/uploads\/2024\/02\/PrivateEvents_1_2024_ok.jpg?resize=200%2C103&amp;ssl=1 200w, https:\/\/i0.wp.com\/tasteoftheworld.ca\/wp-content\/uploads\/2024\/02\/PrivateEvents_1_2024_ok.jpg?resize=300%2C154&amp;ssl=1 300w, https:\/\/i0.wp.com\/tasteoftheworld.ca\/wp-content\/uploads\/2024\/02\/PrivateEvents_1_2024_ok.jpg?resize=400%2C205&amp;ssl=1 400w, https:\/\/i0.wp.com\/tasteoftheworld.ca\/wp-content\/uploads\/2024\/02\/PrivateEvents_1_2024_ok.jpg?resize=600%2C308&amp;ssl=1 600w, https:\/\/i0.wp.com\/tasteoftheworld.ca\/wp-content\/uploads\/2024\/02\/PrivateEvents_1_2024_ok.jpg?resize=768%2C394&amp;ssl=1 768w, https:\/\/i0.wp.com\/tasteoftheworld.ca\/wp-content\/uploads\/2024\/02\/PrivateEvents_1_2024_ok.jpg?resize=800%2C410&amp;ssl=1 800w, https:\/\/i0.wp.com\/tasteoftheworld.ca\/wp-content\/uploads\/2024\/02\/PrivateEvents_1_2024_ok.jpg?resize=1024%2C525&amp;ssl=1 1024w, https:\/\/i0.wp.com\/tasteoftheworld.ca\/wp-content\/uploads\/2024\/02\/PrivateEvents_1_2024_ok.jpg?fit=1170%2C600&amp;ssl=1 1170w\" data-sizes=\"(max-width: 1170px) 100vw, 1170px\" src=\"data:image\/svg+xml;base64,PHN2ZyB3aWR0aD0iMSIgaGVpZ2h0PSIxIiB4bWxucz0iaHR0cDovL3d3dy53My5vcmcvMjAwMC9zdmciPjwvc3ZnPg==\" style=\"--smush-placeholder-width: 1170px; --smush-placeholder-aspect-ratio: 1170\/600;\" \/><\/div><\/div><\/li><li class=\"fusion-carousel-item\"><div class=\"fusion-carousel-item-wrapper\"><div class=\"fusion-image-wrapper hover-type-none\"><img decoding=\"async\" width=\"1170\" height=\"600\" data-src=\"https:\/\/i0.wp.com\/tasteoftheworld.ca\/wp-content\/uploads\/2024\/02\/PrivateEvents_2_2024_ok.jpg?fit=1170%2C600&amp;ssl=1\" class=\"attachment-full size-full lazyload\" alt=\"\" data-srcset=\"https:\/\/i0.wp.com\/tasteoftheworld.ca\/wp-content\/uploads\/2024\/02\/PrivateEvents_2_2024_ok.jpg?resize=200%2C103&amp;ssl=1 200w, https:\/\/i0.wp.com\/tasteoftheworld.ca\/wp-content\/uploads\/2024\/02\/PrivateEvents_2_2024_ok.jpg?resize=300%2C154&amp;ssl=1 300w, https:\/\/i0.wp.com\/tasteoftheworld.ca\/wp-content\/uploads\/2024\/02\/PrivateEvents_2_2024_ok.jpg?resize=400%2C205&amp;ssl=1 400w, https:\/\/i0.wp.com\/tasteoftheworld.ca\/wp-content\/uploads\/2024\/02\/PrivateEvents_2_2024_ok.jpg?resize=600%2C308&amp;ssl=1 600w, https:\/\/i0.wp.com\/tasteoftheworld.ca\/wp-content\/uploads\/2024\/02\/PrivateEvents_2_2024_ok.jpg?resize=768%2C394&amp;ssl=1 768w, https:\/\/i0.wp.com\/tasteoftheworld.ca\/wp-content\/uploads\/2024\/02\/PrivateEvents_2_2024_ok.jpg?resize=800%2C410&amp;ssl=1 800w, https:\/\/i0.wp.com\/tasteoftheworld.ca\/wp-content\/uploads\/2024\/02\/PrivateEvents_2_2024_ok.jpg?resize=1024%2C525&amp;ssl=1 1024w, https:\/\/i0.wp.com\/tasteoftheworld.ca\/wp-content\/uploads\/2024\/02\/PrivateEvents_2_2024_ok.jpg?fit=1170%2C600&amp;ssl=1 1170w\" data-sizes=\"(max-width: 1170px) 100vw, 1170px\" src=\"data:image\/svg+xml;base64,PHN2ZyB3aWR0aD0iMSIgaGVpZ2h0PSIxIiB4bWxucz0iaHR0cDovL3d3dy53My5vcmcvMjAwMC9zdmciPjwvc3ZnPg==\" style=\"--smush-placeholder-width: 1170px; --smush-placeholder-aspect-ratio: 1170\/600;\" \/><\/div><\/div><\/li><li class=\"fusion-carousel-item\"><div class=\"fusion-carousel-item-wrapper\"><div class=\"fusion-image-wrapper hover-type-none\"><img decoding=\"async\" width=\"1170\" height=\"600\" data-src=\"https:\/\/i0.wp.com\/tasteoftheworld.ca\/wp-content\/uploads\/2024\/02\/PrivateEvents_3_2024_ok.jpg?fit=1170%2C600&amp;ssl=1\" class=\"attachment-full size-full lazyload\" alt=\"\" data-srcset=\"https:\/\/i0.wp.com\/tasteoftheworld.ca\/wp-content\/uploads\/2024\/02\/PrivateEvents_3_2024_ok.jpg?resize=200%2C103&amp;ssl=1 200w, https:\/\/i0.wp.com\/tasteoftheworld.ca\/wp-content\/uploads\/2024\/02\/PrivateEvents_3_2024_ok.jpg?resize=300%2C154&amp;ssl=1 300w, https:\/\/i0.wp.com\/tasteoftheworld.ca\/wp-content\/uploads\/2024\/02\/PrivateEvents_3_2024_ok.jpg?resize=400%2C205&amp;ssl=1 400w, https:\/\/i0.wp.com\/tasteoftheworld.ca\/wp-content\/uploads\/2024\/02\/PrivateEvents_3_2024_ok.jpg?resize=600%2C308&amp;ssl=1 600w, https:\/\/i0.wp.com\/tasteoftheworld.ca\/wp-content\/uploads\/2024\/02\/PrivateEvents_3_2024_ok.jpg?resize=768%2C394&amp;ssl=1 768w, https:\/\/i0.wp.com\/tasteoftheworld.ca\/wp-content\/uploads\/2024\/02\/PrivateEvents_3_2024_ok.jpg?resize=800%2C410&amp;ssl=1 800w, https:\/\/i0.wp.com\/tasteoftheworld.ca\/wp-content\/uploads\/2024\/02\/PrivateEvents_3_2024_ok.jpg?resize=1024%2C525&amp;ssl=1 1024w, https:\/\/i0.wp.com\/tasteoftheworld.ca\/wp-content\/uploads\/2024\/02\/PrivateEvents_3_2024_ok.jpg?fit=1170%2C600&amp;ssl=1 1170w\" data-sizes=\"(max-width: 1170px) 100vw, 1170px\" src=\"data:image\/svg+xml;base64,PHN2ZyB3aWR0aD0iMSIgaGVpZ2h0PSIxIiB4bWxucz0iaHR0cDovL3d3dy53My5vcmcvMjAwMC9zdmciPjwvc3ZnPg==\" style=\"--smush-placeholder-width: 1170px; --smush-placeholder-aspect-ratio: 1170\/600;\" \/><\/div><\/div><\/li><li class=\"fusion-carousel-item\"><div class=\"fusion-carousel-item-wrapper\"><div class=\"fusion-image-wrapper hover-type-none\"><img decoding=\"async\" width=\"1170\" height=\"600\" data-src=\"https:\/\/i0.wp.com\/tasteoftheworld.ca\/wp-content\/uploads\/2024\/02\/PrivateEvents_4_2024_ok.jpg?fit=1170%2C600&amp;ssl=1\" class=\"attachment-full size-full lazyload\" alt=\"\" data-srcset=\"https:\/\/i0.wp.com\/tasteoftheworld.ca\/wp-content\/uploads\/2024\/02\/PrivateEvents_4_2024_ok.jpg?resize=200%2C103&amp;ssl=1 200w, https:\/\/i0.wp.com\/tasteoftheworld.ca\/wp-content\/uploads\/2024\/02\/PrivateEvents_4_2024_ok.jpg?resize=300%2C154&amp;ssl=1 300w, https:\/\/i0.wp.com\/tasteoftheworld.ca\/wp-content\/uploads\/2024\/02\/PrivateEvents_4_2024_ok.jpg?resize=400%2C205&amp;ssl=1 400w, https:\/\/i0.wp.com\/tasteoftheworld.ca\/wp-content\/uploads\/2024\/02\/PrivateEvents_4_2024_ok.jpg?resize=600%2C308&amp;ssl=1 600w, https:\/\/i0.wp.com\/tasteoftheworld.ca\/wp-content\/uploads\/2024\/02\/PrivateEvents_4_2024_ok.jpg?resize=768%2C394&amp;ssl=1 768w, https:\/\/i0.wp.com\/tasteoftheworld.ca\/wp-content\/uploads\/2024\/02\/PrivateEvents_4_2024_ok.jpg?resize=800%2C410&amp;ssl=1 800w, https:\/\/i0.wp.com\/tasteoftheworld.ca\/wp-content\/uploads\/2024\/02\/PrivateEvents_4_2024_ok.jpg?resize=1024%2C525&amp;ssl=1 1024w, https:\/\/i0.wp.com\/tasteoftheworld.ca\/wp-content\/uploads\/2024\/02\/PrivateEvents_4_2024_ok.jpg?fit=1170%2C600&amp;ssl=1 1170w\" data-sizes=\"(max-width: 1170px) 100vw, 1170px\" src=\"data:image\/svg+xml;base64,PHN2ZyB3aWR0aD0iMSIgaGVpZ2h0PSIxIiB4bWxucz0iaHR0cDovL3d3dy53My5vcmcvMjAwMC9zdmciPjwvc3ZnPg==\" style=\"--smush-placeholder-width: 1170px; --smush-placeholder-aspect-ratio: 1170\/600;\" \/><\/div><\/div><\/li><li class=\"fusion-carousel-item\"><div class=\"fusion-carousel-item-wrapper\"><div class=\"fusion-image-wrapper hover-type-none\"><img decoding=\"async\" width=\"1170\" height=\"600\" data-src=\"https:\/\/i0.wp.com\/tasteoftheworld.ca\/wp-content\/uploads\/2024\/02\/PrivateEvents_5_2024_ok.jpg?fit=1170%2C600&amp;ssl=1\" class=\"attachment-full size-full lazyload\" alt=\"\" data-srcset=\"https:\/\/i0.wp.com\/tasteoftheworld.ca\/wp-content\/uploads\/2024\/02\/PrivateEvents_5_2024_ok.jpg?resize=200%2C103&amp;ssl=1 200w, https:\/\/i0.wp.com\/tasteoftheworld.ca\/wp-content\/uploads\/2024\/02\/PrivateEvents_5_2024_ok.jpg?resize=300%2C154&amp;ssl=1 300w, https:\/\/i0.wp.com\/tasteoftheworld.ca\/wp-content\/uploads\/2024\/02\/PrivateEvents_5_2024_ok.jpg?resize=400%2C205&amp;ssl=1 400w, https:\/\/i0.wp.com\/tasteoftheworld.ca\/wp-content\/uploads\/2024\/02\/PrivateEvents_5_2024_ok.jpg?resize=600%2C308&amp;ssl=1 600w, https:\/\/i0.wp.com\/tasteoftheworld.ca\/wp-content\/uploads\/2024\/02\/PrivateEvents_5_2024_ok.jpg?resize=768%2C394&amp;ssl=1 768w, https:\/\/i0.wp.com\/tasteoftheworld.ca\/wp-content\/uploads\/2024\/02\/PrivateEvents_5_2024_ok.jpg?resize=800%2C410&amp;ssl=1 800w, https:\/\/i0.wp.com\/tasteoftheworld.ca\/wp-content\/uploads\/2024\/02\/PrivateEvents_5_2024_ok.jpg?resize=1024%2C525&amp;ssl=1 1024w, https:\/\/i0.wp.com\/tasteoftheworld.ca\/wp-content\/uploads\/2024\/02\/PrivateEvents_5_2024_ok.jpg?fit=1170%2C600&amp;ssl=1 1170w\" data-sizes=\"(max-width: 1170px) 100vw, 1170px\" src=\"data:image\/svg+xml;base64,PHN2ZyB3aWR0aD0iMSIgaGVpZ2h0PSIxIiB4bWxucz0iaHR0cDovL3d3dy53My5vcmcvMjAwMC9zdmciPjwvc3ZnPg==\" style=\"--smush-placeholder-width: 1170px; --smush-placeholder-aspect-ratio: 1170\/600;\" \/><\/div><\/div><\/li><li class=\"fusion-carousel-item\"><div class=\"fusion-carousel-item-wrapper\"><div class=\"fusion-image-wrapper hover-type-none\"><img decoding=\"async\" width=\"1170\" height=\"600\" data-src=\"https:\/\/i0.wp.com\/tasteoftheworld.ca\/wp-content\/uploads\/2024\/02\/PrivateEvents_6_2024_ok.jpg?fit=1170%2C600&amp;ssl=1\" class=\"attachment-full size-full lazyload\" alt=\"\" data-srcset=\"https:\/\/i0.wp.com\/tasteoftheworld.ca\/wp-content\/uploads\/2024\/02\/PrivateEvents_6_2024_ok.jpg?resize=200%2C103&amp;ssl=1 200w, https:\/\/i0.wp.com\/tasteoftheworld.ca\/wp-content\/uploads\/2024\/02\/PrivateEvents_6_2024_ok.jpg?resize=300%2C154&amp;ssl=1 300w, https:\/\/i0.wp.com\/tasteoftheworld.ca\/wp-content\/uploads\/2024\/02\/PrivateEvents_6_2024_ok.jpg?resize=400%2C205&amp;ssl=1 400w, https:\/\/i0.wp.com\/tasteoftheworld.ca\/wp-content\/uploads\/2024\/02\/PrivateEvents_6_2024_ok.jpg?resize=600%2C308&amp;ssl=1 600w, https:\/\/i0.wp.com\/tasteoftheworld.ca\/wp-content\/uploads\/2024\/02\/PrivateEvents_6_2024_ok.jpg?resize=768%2C394&amp;ssl=1 768w, https:\/\/i0.wp.com\/tasteoftheworld.ca\/wp-content\/uploads\/2024\/02\/PrivateEvents_6_2024_ok.jpg?resize=800%2C410&amp;ssl=1 800w, https:\/\/i0.wp.com\/tasteoftheworld.ca\/wp-content\/uploads\/2024\/02\/PrivateEvents_6_2024_ok.jpg?resize=1024%2C525&amp;ssl=1 1024w, https:\/\/i0.wp.com\/tasteoftheworld.ca\/wp-content\/uploads\/2024\/02\/PrivateEvents_6_2024_ok.jpg?fit=1170%2C600&amp;ssl=1 1170w\" data-sizes=\"(max-width: 1170px) 100vw, 1170px\" src=\"data:image\/svg+xml;base64,PHN2ZyB3aWR0aD0iMSIgaGVpZ2h0PSIxIiB4bWxucz0iaHR0cDovL3d3dy53My5vcmcvMjAwMC9zdmciPjwvc3ZnPg==\" style=\"--smush-placeholder-width: 1170px; --smush-placeholder-aspect-ratio: 1170\/600;\" \/><\/div><\/div><\/li><\/ul><div class=\"fusion-carousel-nav\"><span class=\"fusion-nav-prev\"><\/span><span class=\"fusion-nav-next\"><\/span><\/div><\/div><\/div><\/div><div class=\"fusion-aligncenter\"><style type=\"text\/css\">.fusion-button.button-1 .fusion-button-text, .fusion-button.button-1 i {color:rgba(255,255,255,0.95);}.fusion-button.button-1 .fusion-button-icon-divider{border-color:rgba(255,255,255,0.95);}.fusion-button.button-1:hover .fusion-button-text, .fusion-button.button-1:hover i,.fusion-button.button-1:focus .fusion-button-text, .fusion-button.button-1:focus i,.fusion-button.button-1:active .fusion-button-text, .fusion-button.button-1:active{color:#ffffff;}.fusion-button.button-1:hover .fusion-button-icon-divider, .fusion-button.button-1:hover .fusion-button-icon-divider, .fusion-button.button-1:active .fusion-button-icon-divider{border-color:#ffffff;}.fusion-button.button-1:hover, .fusion-button.button-1:focus, .fusion-button.button-1:active{border-color:#ffffff;}.fusion-button.button-1 {border-color:#ffffff;border-radius:4px;}.fusion-button.button-1{background: #c06072;}.fusion-button.button-1:hover,.button-1:focus,.fusion-button.button-1:active{background: rgba(192,96,114,0.5);}<\/style><a class=\"fusion-button button-flat fusion-button-default-size button-custom button-1 fusion-button-default-span fusion-button-default-type\" target=\"_self\" href=\"https:\/\/tasteoftheworld.ca\/es\/contacto\/\"><span class=\"fusion-button-text\">\u00bfInteresado(a)? \u00a1H\u00e1zmelo saber!<\/span><\/a><\/div><div class=\"fusion-clearfix\"><\/div><\/div><\/div><\/div><\/div><\/p>\n","protected":false},"excerpt":{"rendered":"","protected":false},"author":2,"featured_media":0,"parent":0,"menu_order":0,"comment_status":"closed","ping_status":"closed","template":"","meta":{"nf_dc_page":"","footnotes":""},"class_list":["post-3393","page","type-page","status-publish","hentry"],"yoast_head":"<!-- This site is optimized with the Yoast SEO plugin v27.5 - https:\/\/yoast.com\/product\/yoast-seo-wordpress\/ -->\n<title>EVENTOS PRIVADOS -<\/title>\n<meta name=\"robots\" content=\"index, follow, max-snippet:-1, max-image-preview:large, max-video-preview:-1\" \/>\n<link rel=\"canonical\" href=\"https:\/\/tasteoftheworld.ca\/es\/eventos-privados\/\" \/>\n<meta property=\"og:locale\" content=\"es_ES\" \/>\n<meta property=\"og:type\" content=\"article\" \/>\n<meta property=\"og:title\" content=\"EVENTOS PRIVADOS -\" \/>\n<meta property=\"og:url\" content=\"https:\/\/tasteoftheworld.ca\/es\/eventos-privados\/\" \/>\n<meta property=\"article:modified_time\" content=\"2024-04-19T09:41:58+00:00\" \/>\n<meta name=\"twitter:card\" content=\"summary_large_image\" \/>\n<meta name=\"twitter:label1\" content=\"Tiempo de lectura\" \/>\n\t<meta name=\"twitter:data1\" content=\"3 minutos\" \/>\n<script type=\"application\/ld+json\" class=\"yoast-schema-graph\">{\"@context\":\"https:\\\/\\\/schema.org\",\"@graph\":[{\"@type\":\"WebPage\",\"@id\":\"https:\\\/\\\/tasteoftheworld.ca\\\/es\\\/eventos-privados\\\/\",\"url\":\"https:\\\/\\\/tasteoftheworld.ca\\\/es\\\/eventos-privados\\\/\",\"name\":\"EVENTOS PRIVADOS -\",\"isPartOf\":{\"@id\":\"https:\\\/\\\/tasteoftheworld.ca\\\/es\\\/#website\"},\"datePublished\":\"2024-04-09T15:33:19+00:00\",\"dateModified\":\"2024-04-19T09:41:58+00:00\",\"breadcrumb\":{\"@id\":\"https:\\\/\\\/tasteoftheworld.ca\\\/es\\\/eventos-privados\\\/#breadcrumb\"},\"inLanguage\":\"es\",\"potentialAction\":[{\"@type\":\"ReadAction\",\"target\":[\"https:\\\/\\\/tasteoftheworld.ca\\\/es\\\/eventos-privados\\\/\"]}]},{\"@type\":\"BreadcrumbList\",\"@id\":\"https:\\\/\\\/tasteoftheworld.ca\\\/es\\\/eventos-privados\\\/#breadcrumb\",\"itemListElement\":[{\"@type\":\"ListItem\",\"position\":1,\"name\":\"Home\",\"item\":\"https:\\\/\\\/tasteoftheworld.ca\\\/es\\\/\"},{\"@type\":\"ListItem\",\"position\":2,\"name\":\"EVENTOS PRIVADOS\"}]},{\"@type\":\"WebSite\",\"@id\":\"https:\\\/\\\/tasteoftheworld.ca\\\/es\\\/#website\",\"url\":\"https:\\\/\\\/tasteoftheworld.ca\\\/es\\\/\",\"name\":\"\",\"description\":\"Online cooking experiences for people eager to learn how to cook dishes from different countries.\",\"publisher\":{\"@id\":\"https:\\\/\\\/tasteoftheworld.ca\\\/es\\\/#\\\/schema\\\/person\\\/7a8cc951d9fdf784ae0858558c919978\"},\"potentialAction\":[{\"@type\":\"SearchAction\",\"target\":{\"@type\":\"EntryPoint\",\"urlTemplate\":\"https:\\\/\\\/tasteoftheworld.ca\\\/es\\\/?s={search_term_string}\"},\"query-input\":{\"@type\":\"PropertyValueSpecification\",\"valueRequired\":true,\"valueName\":\"search_term_string\"}}],\"inLanguage\":\"es\"},{\"@type\":[\"Person\",\"Organization\"],\"@id\":\"https:\\\/\\\/tasteoftheworld.ca\\\/es\\\/#\\\/schema\\\/person\\\/7a8cc951d9fdf784ae0858558c919978\",\"name\":\"male.grandizo\",\"image\":{\"@type\":\"ImageObject\",\"inLanguage\":\"es\",\"@id\":\"https:\\\/\\\/secure.gravatar.com\\\/avatar\\\/8b781bd8c6a9f201350ee3986f8722da097ae026c7afdfaa0e84a2fae4846599?s=96&d=mm&r=g\",\"url\":\"https:\\\/\\\/secure.gravatar.com\\\/avatar\\\/8b781bd8c6a9f201350ee3986f8722da097ae026c7afdfaa0e84a2fae4846599?s=96&d=mm&r=g\",\"contentUrl\":\"https:\\\/\\\/secure.gravatar.com\\\/avatar\\\/8b781bd8c6a9f201350ee3986f8722da097ae026c7afdfaa0e84a2fae4846599?s=96&d=mm&r=g\",\"caption\":\"male.grandizo\"},\"logo\":{\"@id\":\"https:\\\/\\\/secure.gravatar.com\\\/avatar\\\/8b781bd8c6a9f201350ee3986f8722da097ae026c7afdfaa0e84a2fae4846599?s=96&d=mm&r=g\"},\"sameAs\":[\"http:\\\/\\\/Taste%20of%20the%20World\"]}]}<\/script>\n<!-- \/ Yoast SEO plugin. -->","yoast_head_json":{"title":"EVENTOS PRIVADOS -","robots":{"index":"index","follow":"follow","max-snippet":"max-snippet:-1","max-image-preview":"max-image-preview:large","max-video-preview":"max-video-preview:-1"},"canonical":"https:\/\/tasteoftheworld.ca\/es\/eventos-privados\/","og_locale":"es_ES","og_type":"article","og_title":"EVENTOS PRIVADOS -","og_url":"https:\/\/tasteoftheworld.ca\/es\/eventos-privados\/","article_modified_time":"2024-04-19T09:41:58+00:00","twitter_card":"summary_large_image","twitter_misc":{"Tiempo de lectura":"3 minutos"},"schema":{"@context":"https:\/\/schema.org","@graph":[{"@type":"WebPage","@id":"https:\/\/tasteoftheworld.ca\/es\/eventos-privados\/","url":"https:\/\/tasteoftheworld.ca\/es\/eventos-privados\/","name":"EVENTOS PRIVADOS -","isPartOf":{"@id":"https:\/\/tasteoftheworld.ca\/es\/#website"},"datePublished":"2024-04-09T15:33:19+00:00","dateModified":"2024-04-19T09:41:58+00:00","breadcrumb":{"@id":"https:\/\/tasteoftheworld.ca\/es\/eventos-privados\/#breadcrumb"},"inLanguage":"es","potentialAction":[{"@type":"ReadAction","target":["https:\/\/tasteoftheworld.ca\/es\/eventos-privados\/"]}]},{"@type":"BreadcrumbList","@id":"https:\/\/tasteoftheworld.ca\/es\/eventos-privados\/#breadcrumb","itemListElement":[{"@type":"ListItem","position":1,"name":"Home","item":"https:\/\/tasteoftheworld.ca\/es\/"},{"@type":"ListItem","position":2,"name":"EVENTOS PRIVADOS"}]},{"@type":"WebSite","@id":"https:\/\/tasteoftheworld.ca\/es\/#website","url":"https:\/\/tasteoftheworld.ca\/es\/","name":"","description":"Online cooking experiences for people eager to learn how to cook dishes from different countries.","publisher":{"@id":"https:\/\/tasteoftheworld.ca\/es\/#\/schema\/person\/7a8cc951d9fdf784ae0858558c919978"},"potentialAction":[{"@type":"SearchAction","target":{"@type":"EntryPoint","urlTemplate":"https:\/\/tasteoftheworld.ca\/es\/?s={search_term_string}"},"query-input":{"@type":"PropertyValueSpecification","valueRequired":true,"valueName":"search_term_string"}}],"inLanguage":"es"},{"@type":["Person","Organization"],"@id":"https:\/\/tasteoftheworld.ca\/es\/#\/schema\/person\/7a8cc951d9fdf784ae0858558c919978","name":"male.grandizo","image":{"@type":"ImageObject","inLanguage":"es","@id":"https:\/\/secure.gravatar.com\/avatar\/8b781bd8c6a9f201350ee3986f8722da097ae026c7afdfaa0e84a2fae4846599?s=96&d=mm&r=g","url":"https:\/\/secure.gravatar.com\/avatar\/8b781bd8c6a9f201350ee3986f8722da097ae026c7afdfaa0e84a2fae4846599?s=96&d=mm&r=g","contentUrl":"https:\/\/secure.gravatar.com\/avatar\/8b781bd8c6a9f201350ee3986f8722da097ae026c7afdfaa0e84a2fae4846599?s=96&d=mm&r=g","caption":"male.grandizo"},"logo":{"@id":"https:\/\/secure.gravatar.com\/avatar\/8b781bd8c6a9f201350ee3986f8722da097ae026c7afdfaa0e84a2fae4846599?s=96&d=mm&r=g"},"sameAs":["http:\/\/Taste%20of%20the%20World"]}]}},"jetpack_sharing_enabled":true,"_links":{"self":[{"href":"https:\/\/tasteoftheworld.ca\/es\/wp-json\/wp\/v2\/pages\/3393","targetHints":{"allow":["GET"]}}],"collection":[{"href":"https:\/\/tasteoftheworld.ca\/es\/wp-json\/wp\/v2\/pages"}],"about":[{"href":"https:\/\/tasteoftheworld.ca\/es\/wp-json\/wp\/v2\/types\/page"}],"author":[{"embeddable":true,"href":"https:\/\/tasteoftheworld.ca\/es\/wp-json\/wp\/v2\/users\/2"}],"replies":[{"embeddable":true,"href":"https:\/\/tasteoftheworld.ca\/es\/wp-json\/wp\/v2\/comments?post=3393"}],"version-history":[{"count":4,"href":"https:\/\/tasteoftheworld.ca\/es\/wp-json\/wp\/v2\/pages\/3393\/revisions"}],"predecessor-version":[{"id":3515,"href":"https:\/\/tasteoftheworld.ca\/es\/wp-json\/wp\/v2\/pages\/3393\/revisions\/3515"}],"wp:attachment":[{"href":"https:\/\/tasteoftheworld.ca\/es\/wp-json\/wp\/v2\/media?parent=3393"}],"curies":[{"name":"wp","href":"https:\/\/api.w.org\/{rel}","templated":true}]}}